{"id":405,"date":"2023-04-24T11:00:21","date_gmt":"2023-04-24T09:00:21","guid":{"rendered":"https:\/\/www.avdel-vwsv.ch\/?page_id=405"},"modified":"2024-05-22T09:44:48","modified_gmt":"2024-05-22T07:44:48","slug":"medien","status":"publish","type":"page","link":"https:\/\/www.avdel-vwsv.ch\/de\/medien\/","title":{"rendered":"Medien"},"content":{"rendered":"<div class=\"wpb-content-wrapper\"><p>[vc_row full_width=&#8220;stretch_row_content_no_spaces&#8220; el_class=&#8220;page-banner&#8220; css=&#8220;.vc_custom_1682684845711{background-image: url(https:\/\/www.avdel-vwsv.ch\/wp-content\/uploads\/2023\/04\/Avdel-banner-1920&#215;400-appro.jpg?id=472) !important;background-position: center !important;background-repeat: no-repeat !important;background-size: cover !important;}&#8220;][vc_column][\/vc_column][\/vc_row][vc_row css=&#8220;.vc_custom_1681951371808{padding-top: 135px !important;}&#8220; el_class=&#8220;md-pt-100 sm-pt-40&#8243;][vc_column css=&#8220;.vc_custom_1681911243588{padding-top: 0px !important;}&#8220;][vc_custom_heading text=&#8220;Medien&#8220; font_container=&#8220;tag:h1|text_align:left&#8220; use_theme_fonts=&#8220;yes&#8220;][vc_single_image image=&#8220;131&#8243; img_size=&#8220;full&#8220; el_class=&#8220;small-title-icon&#8220;][\/vc_column][\/vc_row][vc_row css=&#8220;.vc_custom_1682326627765{margin-top: -30px !important;}&#8220;][vc_column el_class=&#8220;blue-text-box&#8220;][vc_column_text css=&#8220;&#8220;][\/vc_column_text][\/vc_column][\/vc_row][vc_row][vc_column el_class=&#8220;blue-text-box&#8220;][vc_custom_heading text=&#8220;Medienkontakte&#8220; font_container=&#8220;tag:div|text_align:left|line_height:1&#8243; use_theme_fonts=&#8220;yes&#8220; el_class=&#8220;h2&#8243;][vc_empty_space height=&#8220;16px&#8220;][vc_column_text]Philippe D\u00e9l\u00e8ze, Pr\u00e4sident<\/p>\n<p><a href=\"mailto:philippe.deleze@genedis.ch\">philippe.deleze@genedis.ch<\/a>[\/vc_column_text][vc_empty_space height=&#8220;16px&#8220;][vc_column_text css=&#8220;&#8220;]Roger Holzer, Vorstandsmitglieder<\/p>\n<p><a href=\"mailto:roger.holzer@enalpin.com\">roger.holzer@enalpin.com<\/a>[\/vc_column_text][\/vc_column][\/vc_row][vc_row][vc_column][vc_empty_space height=&#8220;60px&#8220;][\/vc_column][\/vc_row]<\/p>\n<\/div>","protected":false},"excerpt":{"rendered":"<p>[vc_row full_width=&#8220;stretch_row_content_no_spaces&#8220; el_class=&#8220;page-banner&#8220; css=&#8220;.vc_custom_1682684845711{background-image: url(https:\/\/www.avdel-vwsv.ch\/wp-content\/uploads\/2023\/04\/Avdel-banner-1920&#215;400-appro.jpg?id=472) !important;background-position: center !important;background-repeat: no-repeat !important;background-size: cover !important;}&#8220;][vc_column][\/vc_column][\/vc_row][vc_row css=&#8220;.vc_custom_1681951371808{padding-top: 135px !important;}&#8220; el_class=&#8220;md-pt-100 sm-pt-40&#8243;][vc_column css=&#8220;.vc_custom_1681911243588{padding-top: 0px !important;}&#8220;][vc_custom_heading text=&#8220;Medien&#8220; font_container=&#8220;tag:h1|text_align:left&#8220; use_theme_fonts=&#8220;yes&#8220;][vc_single_image image=&#8220;131&#8243; img_size=&#8220;full&#8220; el_class=&#8220;small-title-icon&#8220;][\/vc_column][\/vc_row][vc_row css=&#8220;.vc_custom_1682326627765{margin-top: -30px !important;}&#8220;][vc_column el_class=&#8220;blue-text-box&#8220;][vc_column_text css=&#8220;&#8220;][\/vc_column_text][\/vc_column][\/vc_row][vc_row][vc_column el_class=&#8220;blue-text-box&#8220;][vc_custom_heading text=&#8220;Medienkontakte&#8220; font_container=&#8220;tag:div|text_align:left|line_height:1&#8243; use_theme_fonts=&#8220;yes&#8220; el_class=&#8220;h2&#8243;][vc_empty_space height=&#8220;16px&#8220;][vc_column_text]Philippe D\u00e9l\u00e8ze, Pr\u00e4sident philippe.deleze@genedis.ch[\/vc_column_text][vc_empty_space height=&#8220;16px&#8220;][vc_column_text css=&#8220;&#8220;]Roger Holzer, Vorstandsmitglieder roger.holzer@enalpin.com[\/vc_column_text][\/vc_column][\/vc_row][vc_row][vc_column][vc_empty_space height=&#8220;60px&#8220;][\/vc_column][\/vc_row]<\/p>\n","protected":false},"author":1,"featured_media":0,"parent":0,"menu_order":0,"comment_status":"closed","ping_status":"closed","template":"","meta":{"_acf_changed":false,"inline_featured_image":false,"footnotes":""},"class_list":["post-405","page","type-page","status-publish","hentry"],"acf":[],"yoast_head":"<!-- This site is optimized with the Yoast SEO plugin v27.5 - https:\/\/yoast.com\/product\/yoast-seo-wordpress\/ -->\n<title>Medien - Association valaisanne des distributeurs d&#039;\u00e9lectricit\u00e9<\/title>\n<meta name=\"robots\" content=\"index, follow, max-snippet:-1, max-image-preview:large, max-video-preview:-1\" \/>\n<link rel=\"canonical\" href=\"https:\/\/www.avdel-vwsv.ch\/de\/medien\/\" \/>\n<meta property=\"og:locale\" content=\"de_DE\" \/>\n<meta property=\"og:type\" content=\"article\" \/>\n<meta property=\"og:title\" content=\"Medien - Association valaisanne des distributeurs d&#039;\u00e9lectricit\u00e9\" \/>\n<meta property=\"og:description\" content=\"[vc_row full_width=&#8220;stretch_row_content_no_spaces&#8220; el_class=&#8220;page-banner&#8220; css=&#8220;.vc_custom_1682684845711{background-image: url(https:\/\/www.avdel-vwsv.ch\/wp-content\/uploads\/2023\/04\/Avdel-banner-1920&#215;400-appro.jpg?id=472) !important;background-position: center !important;background-repeat: no-repeat !important;background-size: cover !important;}&#8220;][vc_column][\/vc_column][\/vc_row][vc_row css=&#8220;.vc_custom_1681951371808{padding-top: 135px !important;}&#8220; el_class=&#8220;md-pt-100 sm-pt-40&#8243;][vc_column css=&#8220;.vc_custom_1681911243588{padding-top: 0px !important;}&#8220;][vc_custom_heading text=&#8220;Medien&#8220; font_container=&#8220;tag:h1|text_align:left&#8220; use_theme_fonts=&#8220;yes&#8220;][vc_single_image image=&#8220;131&#8243; img_size=&#8220;full&#8220; el_class=&#8220;small-title-icon&#8220;][\/vc_column][\/vc_row][vc_row css=&#8220;.vc_custom_1682326627765{margin-top: -30px !important;}&#8220;][vc_column el_class=&#8220;blue-text-box&#8220;][vc_column_text css=&#8220;&#8220;][\/vc_column_text][\/vc_column][\/vc_row][vc_row][vc_column el_class=&#8220;blue-text-box&#8220;][vc_custom_heading text=&#8220;Medienkontakte&#8220; font_container=&#8220;tag:div|text_align:left|line_height:1&#8243; use_theme_fonts=&#8220;yes&#8220; el_class=&#8220;h2&#8243;][vc_empty_space height=&#8220;16px&#8220;][vc_column_text]Philippe D\u00e9l\u00e8ze, Pr\u00e4sident philippe.deleze@genedis.ch[\/vc_column_text][vc_empty_space height=&#8220;16px&#8220;][vc_column_text css=&#8220;&#8220;]Roger Holzer, Vorstandsmitglieder roger.holzer@enalpin.com[\/vc_column_text][\/vc_column][\/vc_row][vc_row][vc_column][vc_empty_space height=&#8220;60px&#8220;][\/vc_column][\/vc_row]\" \/>\n<meta property=\"og:url\" content=\"https:\/\/www.avdel-vwsv.ch\/de\/medien\/\" \/>\n<meta property=\"og:site_name\" content=\"Association valaisanne des distributeurs d&#039;\u00e9lectricit\u00e9\" \/>\n<meta property=\"article:modified_time\" content=\"2024-05-22T07:44:48+00:00\" \/>\n<meta name=\"twitter:card\" content=\"summary_large_image\" \/>\n<meta name=\"twitter:label1\" content=\"Gesch\u00e4tzte Lesezeit\" \/>\n\t<meta name=\"twitter:data1\" content=\"1\u00a0Minute\" \/>\n<script type=\"application\/ld+json\" class=\"yoast-schema-graph\">{\"@context\":\"https:\\\/\\\/schema.org\",\"@graph\":[{\"@type\":\"WebPage\",\"@id\":\"https:\\\/\\\/www.avdel-vwsv.ch\\\/de\\\/medien\\\/\",\"url\":\"https:\\\/\\\/www.avdel-vwsv.ch\\\/de\\\/medien\\\/\",\"name\":\"Medien - Association valaisanne des distributeurs d&#039;\u00e9lectricit\u00e9\",\"isPartOf\":{\"@id\":\"https:\\\/\\\/www.avdel-vwsv.ch\\\/de\\\/#website\"},\"datePublished\":\"2023-04-24T09:00:21+00:00\",\"dateModified\":\"2024-05-22T07:44:48+00:00\",\"breadcrumb\":{\"@id\":\"https:\\\/\\\/www.avdel-vwsv.ch\\\/de\\\/medien\\\/#breadcrumb\"},\"inLanguage\":\"de\",\"potentialAction\":[{\"@type\":\"ReadAction\",\"target\":[\"https:\\\/\\\/www.avdel-vwsv.ch\\\/de\\\/medien\\\/\"]}]},{\"@type\":\"BreadcrumbList\",\"@id\":\"https:\\\/\\\/www.avdel-vwsv.ch\\\/de\\\/medien\\\/#breadcrumb\",\"itemListElement\":[{\"@type\":\"ListItem\",\"position\":1,\"name\":\"Accueil\",\"item\":\"https:\\\/\\\/www.avdel-vwsv.ch\\\/de\\\/\"},{\"@type\":\"ListItem\",\"position\":2,\"name\":\"Medien\"}]},{\"@type\":\"WebSite\",\"@id\":\"https:\\\/\\\/www.avdel-vwsv.ch\\\/de\\\/#website\",\"url\":\"https:\\\/\\\/www.avdel-vwsv.ch\\\/de\\\/\",\"name\":\"Avdel - Association valaisanne des distributeurs d'\u00e9lectricit\u00e9\",\"description\":\"\",\"publisher\":{\"@id\":\"https:\\\/\\\/www.avdel-vwsv.ch\\\/de\\\/#organization\"},\"potentialAction\":[{\"@type\":\"SearchAction\",\"target\":{\"@type\":\"EntryPoint\",\"urlTemplate\":\"https:\\\/\\\/www.avdel-vwsv.ch\\\/de\\\/?s={search_term_string}\"},\"query-input\":{\"@type\":\"PropertyValueSpecification\",\"valueRequired\":true,\"valueName\":\"search_term_string\"}}],\"inLanguage\":\"de\"},{\"@type\":\"Organization\",\"@id\":\"https:\\\/\\\/www.avdel-vwsv.ch\\\/de\\\/#organization\",\"name\":\"Association valaisanne des distributeurs d'\u00e9lectricit\u00e9\",\"url\":\"https:\\\/\\\/www.avdel-vwsv.ch\\\/de\\\/\",\"logo\":{\"@type\":\"ImageObject\",\"inLanguage\":\"de\",\"@id\":\"https:\\\/\\\/www.avdel-vwsv.ch\\\/de\\\/#\\\/schema\\\/logo\\\/image\\\/\",\"url\":\"https:\\\/\\\/www.avdel-vwsv.ch\\\/wp-content\\\/uploads\\\/2023\\\/04\\\/AVDEL-logo-_couleur.svg\",\"contentUrl\":\"https:\\\/\\\/www.avdel-vwsv.ch\\\/wp-content\\\/uploads\\\/2023\\\/04\\\/AVDEL-logo-_couleur.svg\",\"width\":\"2560\",\"height\":\"1440\",\"caption\":\"Association valaisanne des distributeurs d'\u00e9lectricit\u00e9\"},\"image\":{\"@id\":\"https:\\\/\\\/www.avdel-vwsv.ch\\\/de\\\/#\\\/schema\\\/logo\\\/image\\\/\"}}]}<\/script>\n<!-- \/ Yoast SEO plugin. -->","yoast_head_json":{"title":"Medien - Association valaisanne des distributeurs d&#039;\u00e9lectricit\u00e9","robots":{"index":"index","follow":"follow","max-snippet":"max-snippet:-1","max-image-preview":"max-image-preview:large","max-video-preview":"max-video-preview:-1"},"canonical":"https:\/\/www.avdel-vwsv.ch\/de\/medien\/","og_locale":"de_DE","og_type":"article","og_title":"Medien - Association valaisanne des distributeurs d&#039;\u00e9lectricit\u00e9","og_description":"[vc_row full_width=&#8220;stretch_row_content_no_spaces&#8220; el_class=&#8220;page-banner&#8220; css=&#8220;.vc_custom_1682684845711{background-image: url(https:\/\/www.avdel-vwsv.ch\/wp-content\/uploads\/2023\/04\/Avdel-banner-1920&#215;400-appro.jpg?id=472) !important;background-position: center !important;background-repeat: no-repeat !important;background-size: cover !important;}&#8220;][vc_column][\/vc_column][\/vc_row][vc_row css=&#8220;.vc_custom_1681951371808{padding-top: 135px !important;}&#8220; el_class=&#8220;md-pt-100 sm-pt-40&#8243;][vc_column css=&#8220;.vc_custom_1681911243588{padding-top: 0px !important;}&#8220;][vc_custom_heading text=&#8220;Medien&#8220; font_container=&#8220;tag:h1|text_align:left&#8220; use_theme_fonts=&#8220;yes&#8220;][vc_single_image image=&#8220;131&#8243; img_size=&#8220;full&#8220; el_class=&#8220;small-title-icon&#8220;][\/vc_column][\/vc_row][vc_row css=&#8220;.vc_custom_1682326627765{margin-top: -30px !important;}&#8220;][vc_column el_class=&#8220;blue-text-box&#8220;][vc_column_text css=&#8220;&#8220;][\/vc_column_text][\/vc_column][\/vc_row][vc_row][vc_column el_class=&#8220;blue-text-box&#8220;][vc_custom_heading text=&#8220;Medienkontakte&#8220; font_container=&#8220;tag:div|text_align:left|line_height:1&#8243; use_theme_fonts=&#8220;yes&#8220; el_class=&#8220;h2&#8243;][vc_empty_space height=&#8220;16px&#8220;][vc_column_text]Philippe D\u00e9l\u00e8ze, Pr\u00e4sident philippe.deleze@genedis.ch[\/vc_column_text][vc_empty_space height=&#8220;16px&#8220;][vc_column_text css=&#8220;&#8220;]Roger Holzer, Vorstandsmitglieder roger.holzer@enalpin.com[\/vc_column_text][\/vc_column][\/vc_row][vc_row][vc_column][vc_empty_space height=&#8220;60px&#8220;][\/vc_column][\/vc_row]","og_url":"https:\/\/www.avdel-vwsv.ch\/de\/medien\/","og_site_name":"Association valaisanne des distributeurs d&#039;\u00e9lectricit\u00e9","article_modified_time":"2024-05-22T07:44:48+00:00","twitter_card":"summary_large_image","twitter_misc":{"Gesch\u00e4tzte Lesezeit":"1\u00a0Minute"},"schema":{"@context":"https:\/\/schema.org","@graph":[{"@type":"WebPage","@id":"https:\/\/www.avdel-vwsv.ch\/de\/medien\/","url":"https:\/\/www.avdel-vwsv.ch\/de\/medien\/","name":"Medien - Association valaisanne des distributeurs d&#039;\u00e9lectricit\u00e9","isPartOf":{"@id":"https:\/\/www.avdel-vwsv.ch\/de\/#website"},"datePublished":"2023-04-24T09:00:21+00:00","dateModified":"2024-05-22T07:44:48+00:00","breadcrumb":{"@id":"https:\/\/www.avdel-vwsv.ch\/de\/medien\/#breadcrumb"},"inLanguage":"de","potentialAction":[{"@type":"ReadAction","target":["https:\/\/www.avdel-vwsv.ch\/de\/medien\/"]}]},{"@type":"BreadcrumbList","@id":"https:\/\/www.avdel-vwsv.ch\/de\/medien\/#breadcrumb","itemListElement":[{"@type":"ListItem","position":1,"name":"Accueil","item":"https:\/\/www.avdel-vwsv.ch\/de\/"},{"@type":"ListItem","position":2,"name":"Medien"}]},{"@type":"WebSite","@id":"https:\/\/www.avdel-vwsv.ch\/de\/#website","url":"https:\/\/www.avdel-vwsv.ch\/de\/","name":"Avdel - Association valaisanne des distributeurs d'\u00e9lectricit\u00e9","description":"","publisher":{"@id":"https:\/\/www.avdel-vwsv.ch\/de\/#organization"},"potentialAction":[{"@type":"SearchAction","target":{"@type":"EntryPoint","urlTemplate":"https:\/\/www.avdel-vwsv.ch\/de\/?s={search_term_string}"},"query-input":{"@type":"PropertyValueSpecification","valueRequired":true,"valueName":"search_term_string"}}],"inLanguage":"de"},{"@type":"Organization","@id":"https:\/\/www.avdel-vwsv.ch\/de\/#organization","name":"Association valaisanne des distributeurs d'\u00e9lectricit\u00e9","url":"https:\/\/www.avdel-vwsv.ch\/de\/","logo":{"@type":"ImageObject","inLanguage":"de","@id":"https:\/\/www.avdel-vwsv.ch\/de\/#\/schema\/logo\/image\/","url":"https:\/\/www.avdel-vwsv.ch\/wp-content\/uploads\/2023\/04\/AVDEL-logo-_couleur.svg","contentUrl":"https:\/\/www.avdel-vwsv.ch\/wp-content\/uploads\/2023\/04\/AVDEL-logo-_couleur.svg","width":"2560","height":"1440","caption":"Association valaisanne des distributeurs d'\u00e9lectricit\u00e9"},"image":{"@id":"https:\/\/www.avdel-vwsv.ch\/de\/#\/schema\/logo\/image\/"}}]}},"_links":{"self":[{"href":"https:\/\/www.avdel-vwsv.ch\/de\/wp-json\/wp\/v2\/pages\/405","targetHints":{"allow":["GET"]}}],"collection":[{"href":"https:\/\/www.avdel-vwsv.ch\/de\/wp-json\/wp\/v2\/pages"}],"about":[{"href":"https:\/\/www.avdel-vwsv.ch\/de\/wp-json\/wp\/v2\/types\/page"}],"author":[{"embeddable":true,"href":"https:\/\/www.avdel-vwsv.ch\/de\/wp-json\/wp\/v2\/users\/1"}],"replies":[{"embeddable":true,"href":"https:\/\/www.avdel-vwsv.ch\/de\/wp-json\/wp\/v2\/comments?post=405"}],"version-history":[{"count":13,"href":"https:\/\/www.avdel-vwsv.ch\/de\/wp-json\/wp\/v2\/pages\/405\/revisions"}],"predecessor-version":[{"id":783,"href":"https:\/\/www.avdel-vwsv.ch\/de\/wp-json\/wp\/v2\/pages\/405\/revisions\/783"}],"wp:attachment":[{"href":"https:\/\/www.avdel-vwsv.ch\/de\/wp-json\/wp\/v2\/media?parent=405"}],"curies":[{"name":"wp","href":"https:\/\/api.w.org\/{rel}","templated":true}]}}