{"id":400,"date":"2023-04-24T10:30:52","date_gmt":"2023-04-24T08:30:52","guid":{"rendered":"https:\/\/www.avdel-vwsv.ch\/formation\/"},"modified":"2023-04-27T17:42:07","modified_gmt":"2023-04-27T15:42:07","slug":"ausbildung","status":"publish","type":"page","link":"https:\/\/www.avdel-vwsv.ch\/de\/ausbildung\/","title":{"rendered":"Ausbildung"},"content":{"rendered":"<div class=\"wpb-content-wrapper\"><p>[vc_row full_width=&#8220;stretch_row_content_no_spaces&#8220; el_class=&#8220;page-banner&#8220; css=&#8220;.vc_custom_1682516735079{background-image: url(https:\/\/www.avdel-vwsv.ch\/wp-content\/uploads\/2023\/04\/Avdel-banner-1920&#215;400-formation.jpg?id=468) !important;background-position: center !important;background-repeat: no-repeat !important;background-size: cover !important;}&#8220;][vc_column][\/vc_column][\/vc_row][vc_row css=&#8220;.vc_custom_1681951371808{padding-top: 135px !important;}&#8220; el_class=&#8220;md-pt-100 sm-pt-40&#8243;][vc_column css=&#8220;.vc_custom_1681911243588{padding-top: 0px !important;}&#8220;][vc_custom_heading text=&#8220;Ausbildung&#8220; font_container=&#8220;tag:h1|text_align:left&#8220; use_theme_fonts=&#8220;yes&#8220;][vc_single_image image=&#8220;131&#8243; img_size=&#8220;full&#8220; el_class=&#8220;small-title-icon&#8220;][\/vc_column][\/vc_row][vc_row css=&#8220;.vc_custom_1681954192454{padding-top: 60px !important;padding-bottom: 140px !important;}&#8220; el_class=&#8220;md-pt-20 md-pb-60 sm-pb-40&#8243;][vc_column css=&#8220;.vc_custom_1682325185040{padding-right: 40px !important;}&#8220; el_class=&#8220;md-pr-15&#8243;][vc_custom_heading text=&#8220;F\u00f6rderung der Ausbildung f\u00fcr die Fachkr\u00e4fte von morgen&#8220; font_container=&#8220;tag:div|text_align:left|line_height:1&#8243; use_theme_fonts=&#8220;yes&#8220; el_class=&#8220;h2&#8243;][vc_column_text css=&#8220;.vc_custom_1682415039496{margin-bottom: 20px !important;}&#8220;]Der VWSV setzt sich f\u00fcr <strong>die F\u00f6rderung des Berufs des Netzelektrikers\/der Netzelektrikerin <\/strong>ein, insbesondere aufgrund des Mangels an Auszubildenden. Die Berufe im Bereich Elektrizit\u00e4t haben sich in den letzten Jahren stark ver\u00e4ndert. Es ist daher von gr\u00f6sster Bedeutung, die Ausbildung zu f\u00f6rdern, damit sich die Fachkr\u00e4fte in diesem Sektor anpassen k\u00f6nnen.<\/p>\n<p><a href=\"https:\/\/cifer.ch\/qui-sommes-nous\/\" target=\"_blank\" rel=\"noopener\"><strong>CIFER<\/strong><\/a><strong> ist das Westschweizer Ausbildungszentrum f\u00fcr Netzelektriker\/innen und <\/strong>bietet die Grundausbildung (EFZ), die h\u00f6heren Berufsausbildungen (Fachausweis und Meisterpr\u00fcfung) sowie Weiterbildungen in diesem Bereich an.[\/vc_column_text][\/vc_column][\/vc_row][vc_row css=&#8220;.vc_custom_1682325913751{margin-top: -30px !important;background-color: #e7eff5 !important;}&#8220;][vc_column el_class=&#8220;blue-text-box&#8220;][vc_custom_heading text=&#8220;Grundlegende Bildung&#8220; font_container=&#8220;tag:div|text_align:left|line_height:1&#8243; use_theme_fonts=&#8220;yes&#8220; el_class=&#8220;h2&#8243;][vc_column_text]<\/p>\n<ul>\n<li><a href=\"https:\/\/cifer.ch\/wp-content\/uploads\/2022\/02\/14486_BRORCHURE_ELEC_PROD_STDC.pdf\" target=\"_blank\" rel=\"noopener\">Eidgen\u00f6ssisches F\u00e4higkeitszeugnis (EFZ) als Netzelektriker\/in<\/a><\/li>\n<\/ul>\n<p>[\/vc_column_text][vc_column_text]Im Allgemeinen sorgt der Netzelektriker\/die Netzelektrikerin f\u00fcr den <strong>Transport der elektrischen Energie von der Produktionsst\u00e4tte bis zu dem Ort, an dem sie verwendet wird. Im <\/strong>Gegensatz zum Elektroinstallateur\/zur Elektroinstallateurin und zum Montageelektriker\/zur Montageelektrikerin arbeitet er\/sie haupts\u00e4chlich im Freien. Er ist am Aufbau, am Betrieb und an der Wartung des Stromnetzes beteiligt. Bei Problemen im Netz hat der Netzelektriker\/die Netzelektrikerin auch die Aufgabe, die Stromversorgung so schnell wie m\u00f6glich wieder einzurichten.<\/p>\n<p>Um die erforderlichen F\u00e4higkeiten zu erlangen, ist <strong>der Beruf in drei Fachrichtungen unterteilt: Energie, Telekommunikation und Fahrleitung <\/strong>(Stromversorgung von Z\u00fcgen, Trolleys und Trams). Die Ausbildung dauert drei Jahre und der Unterricht findet an der Berufsschule EPSIC in Lausanne statt. Die \u00fcberbetrieblichen Kurse finden bei CIFER in Penthalaz statt.[\/vc_column_text][vc_btn title=&#8220;Weitere Informationen \u00fcber das Profil Netzelektriker\/in&#8220; link=&#8220;url:https%3A%2F%2Fwww.netzelektriker.ch%2Fberuf|target:_blank&#8220;][\/vc_column][\/vc_row][vc_row][vc_column][vc_empty_space height=&#8220;30&#8243;][\/vc_column][\/vc_row][vc_row][vc_column el_class=&#8220;blue-text-box&#8220;][vc_custom_heading text=&#8220;H\u00f6here Ausbildungen&#8220; font_container=&#8220;tag:div|text_align:left|line_height:1&#8243; use_theme_fonts=&#8220;yes&#8220; el_class=&#8220;h2&#8243;][vc_column_text]<\/p>\n<ul>\n<li><a href=\"https:\/\/cifer.ch\/formations-certifiantes\/\" target=\"_blank\" rel=\"noopener\">Eidgen\u00f6ssischer F\u00e4higkeitszeugnis<\/a><\/li>\n<\/ul>\n<p>[\/vc_column_text][vc_column_text]Mit dem eidgen\u00f6ssischen Fachausweis T\u00e4tigkeiten wie Vorarbeiter\/in, Team- oder Baustellenleiter\/in, Projektleiter\/in und viele andere verantwortungsvolle Positionen ausge\u00fcbt werden.[\/vc_column_text][vc_column_text]<\/p>\n<ul>\n<li><a href=\"https:\/\/cifer.ch\/formations-certifiantes\/\" target=\"_blank\" rel=\"noopener\">Eidgen\u00f6ssisches Meisterdiplom<\/a><\/li>\n<\/ul>\n<p>[\/vc_column_text][vc_column_text]Kenntnisse in so wichtigen Bereichen wie Personal- und Projektmanagement, Recht, Finanzen, NS-MS-HS-Netzprojekte, Kommunikation und Bauwesen werden erweitert. Eine Ausbildung, die es erm\u00f6glicht, auf professionelle Weise grosse Verantwortung zu \u00fcbernehmen, indem man sich als Fachexperte\/in Kompetenzen zur Leitung eines Unternehmens angeeignet hat.[\/vc_column_text][\/vc_column][\/vc_row][vc_row][vc_column][vc_empty_space height=&#8220;30px&#8220;][\/vc_column][\/vc_row][vc_row css=&#8220;.vc_custom_1682325168130{background-color: #e7eff5 !important;}&#8220;][vc_column el_class=&#8220;blue-text-box&#8220;][vc_custom_heading text=&#8220;Weiterbildung&#8220; font_container=&#8220;tag:div|text_align:left|line_height:1&#8243; use_theme_fonts=&#8220;yes&#8220; el_class=&#8220;h2&#8243;][vc_column_text]Entdecken Sie den <a href=\"https:\/\/cifer.ch\/formations-continues\/\" target=\"_blank\" rel=\"noopener\">Online-Katalog<\/a> der Weiterbildungsangebote.[\/vc_column_text][\/vc_column][\/vc_row][vc_row][vc_column][vc_empty_space height=&#8220;60px&#8220;][\/vc_column][\/vc_row]<\/p>\n<\/div>","protected":false},"excerpt":{"rendered":"<p>[vc_row full_width=&#8220;stretch_row_content_no_spaces&#8220; el_class=&#8220;page-banner&#8220; css=&#8220;.vc_custom_1682516735079{background-image: url(https:\/\/www.avdel-vwsv.ch\/wp-content\/uploads\/2023\/04\/Avdel-banner-1920&#215;400-formation.jpg?id=468) !important;background-position: center !important;background-repeat: no-repeat !important;background-size: cover !important;}&#8220;][vc_column][\/vc_column][\/vc_row][vc_row css=&#8220;.vc_custom_1681951371808{padding-top: 135px !important;}&#8220; el_class=&#8220;md-pt-100 sm-pt-40&#8243;][vc_column css=&#8220;.vc_custom_1681911243588{padding-top: 0px !important;}&#8220;][vc_custom_heading text=&#8220;Ausbildung&#8220; font_container=&#8220;tag:h1|text_align:left&#8220; use_theme_fonts=&#8220;yes&#8220;][vc_single_image image=&#8220;131&#8243; img_size=&#8220;full&#8220; el_class=&#8220;small-title-icon&#8220;][\/vc_column][\/vc_row][vc_row css=&#8220;.vc_custom_1681954192454{padding-top: 60px !important;padding-bottom: 140px !important;}&#8220; el_class=&#8220;md-pt-20 md-pb-60 sm-pb-40&#8243;][vc_column css=&#8220;.vc_custom_1682325185040{padding-right: 40px !important;}&#8220; el_class=&#8220;md-pr-15&#8243;][vc_custom_heading text=&#8220;F\u00f6rderung der Ausbildung f\u00fcr die Fachkr\u00e4fte von morgen&#8220; font_container=&#8220;tag:div|text_align:left|line_height:1&#8243; use_theme_fonts=&#8220;yes&#8220; el_class=&#8220;h2&#8243;][vc_column_text css=&#8220;.vc_custom_1682415039496{margin-bottom: 20px !important;}&#8220;]Der VWSV setzt sich [&hellip;]<\/p>\n","protected":false},"author":1,"featured_media":0,"parent":0,"menu_order":0,"comment_status":"closed","ping_status":"closed","template":"","meta":{"_acf_changed":false,"inline_featured_image":false,"footnotes":""},"class_list":["post-400","page","type-page","status-publish","hentry"],"acf":[],"yoast_head":"<!-- This site is optimized with the Yoast SEO plugin v27.5 - https:\/\/yoast.com\/product\/yoast-seo-wordpress\/ -->\n<title>Ausbildung - Association valaisanne des distributeurs d&#039;\u00e9lectricit\u00e9<\/title>\n<meta name=\"robots\" content=\"index, follow, max-snippet:-1, max-image-preview:large, max-video-preview:-1\" \/>\n<link rel=\"canonical\" href=\"https:\/\/www.avdel-vwsv.ch\/de\/ausbildung\/\" \/>\n<meta property=\"og:locale\" content=\"de_DE\" \/>\n<meta property=\"og:type\" content=\"article\" \/>\n<meta property=\"og:title\" content=\"Ausbildung - Association valaisanne des distributeurs d&#039;\u00e9lectricit\u00e9\" \/>\n<meta property=\"og:description\" content=\"[vc_row full_width=&#8220;stretch_row_content_no_spaces&#8220; el_class=&#8220;page-banner&#8220; css=&#8220;.vc_custom_1682516735079{background-image: url(https:\/\/www.avdel-vwsv.ch\/wp-content\/uploads\/2023\/04\/Avdel-banner-1920&#215;400-formation.jpg?id=468) !important;background-position: center !important;background-repeat: no-repeat !important;background-size: cover !important;}&#8220;][vc_column][\/vc_column][\/vc_row][vc_row css=&#8220;.vc_custom_1681951371808{padding-top: 135px !important;}&#8220; el_class=&#8220;md-pt-100 sm-pt-40&#8243;][vc_column css=&#8220;.vc_custom_1681911243588{padding-top: 0px !important;}&#8220;][vc_custom_heading text=&#8220;Ausbildung&#8220; font_container=&#8220;tag:h1|text_align:left&#8220; use_theme_fonts=&#8220;yes&#8220;][vc_single_image image=&#8220;131&#8243; img_size=&#8220;full&#8220; el_class=&#8220;small-title-icon&#8220;][\/vc_column][\/vc_row][vc_row css=&#8220;.vc_custom_1681954192454{padding-top: 60px !important;padding-bottom: 140px !important;}&#8220; el_class=&#8220;md-pt-20 md-pb-60 sm-pb-40&#8243;][vc_column css=&#8220;.vc_custom_1682325185040{padding-right: 40px !important;}&#8220; el_class=&#8220;md-pr-15&#8243;][vc_custom_heading text=&#8220;F\u00f6rderung der Ausbildung f\u00fcr die Fachkr\u00e4fte von morgen&#8220; font_container=&#8220;tag:div|text_align:left|line_height:1&#8243; use_theme_fonts=&#8220;yes&#8220; el_class=&#8220;h2&#8243;][vc_column_text css=&#8220;.vc_custom_1682415039496{margin-bottom: 20px !important;}&#8220;]Der VWSV setzt sich [&hellip;]\" \/>\n<meta property=\"og:url\" content=\"https:\/\/www.avdel-vwsv.ch\/de\/ausbildung\/\" \/>\n<meta property=\"og:site_name\" content=\"Association valaisanne des distributeurs d&#039;\u00e9lectricit\u00e9\" \/>\n<meta property=\"article:modified_time\" content=\"2023-04-27T15:42:07+00:00\" \/>\n<meta name=\"twitter:card\" content=\"summary_large_image\" \/>\n<meta name=\"twitter:label1\" content=\"Gesch\u00e4tzte Lesezeit\" \/>\n\t<meta name=\"twitter:data1\" content=\"2\u00a0Minuten\" \/>\n<script type=\"application\/ld+json\" class=\"yoast-schema-graph\">{\"@context\":\"https:\\\/\\\/schema.org\",\"@graph\":[{\"@type\":\"WebPage\",\"@id\":\"https:\\\/\\\/www.avdel-vwsv.ch\\\/de\\\/ausbildung\\\/\",\"url\":\"https:\\\/\\\/www.avdel-vwsv.ch\\\/de\\\/ausbildung\\\/\",\"name\":\"Ausbildung - Association valaisanne des distributeurs d&#039;\u00e9lectricit\u00e9\",\"isPartOf\":{\"@id\":\"https:\\\/\\\/www.avdel-vwsv.ch\\\/de\\\/#website\"},\"datePublished\":\"2023-04-24T08:30:52+00:00\",\"dateModified\":\"2023-04-27T15:42:07+00:00\",\"breadcrumb\":{\"@id\":\"https:\\\/\\\/www.avdel-vwsv.ch\\\/de\\\/ausbildung\\\/#breadcrumb\"},\"inLanguage\":\"de\",\"potentialAction\":[{\"@type\":\"ReadAction\",\"target\":[\"https:\\\/\\\/www.avdel-vwsv.ch\\\/de\\\/ausbildung\\\/\"]}]},{\"@type\":\"BreadcrumbList\",\"@id\":\"https:\\\/\\\/www.avdel-vwsv.ch\\\/de\\\/ausbildung\\\/#breadcrumb\",\"itemListElement\":[{\"@type\":\"ListItem\",\"position\":1,\"name\":\"Accueil\",\"item\":\"https:\\\/\\\/www.avdel-vwsv.ch\\\/de\\\/\"},{\"@type\":\"ListItem\",\"position\":2,\"name\":\"Ausbildung\"}]},{\"@type\":\"WebSite\",\"@id\":\"https:\\\/\\\/www.avdel-vwsv.ch\\\/de\\\/#website\",\"url\":\"https:\\\/\\\/www.avdel-vwsv.ch\\\/de\\\/\",\"name\":\"Avdel - Association valaisanne des distributeurs d'\u00e9lectricit\u00e9\",\"description\":\"\",\"publisher\":{\"@id\":\"https:\\\/\\\/www.avdel-vwsv.ch\\\/de\\\/#organization\"},\"potentialAction\":[{\"@type\":\"SearchAction\",\"target\":{\"@type\":\"EntryPoint\",\"urlTemplate\":\"https:\\\/\\\/www.avdel-vwsv.ch\\\/de\\\/?s={search_term_string}\"},\"query-input\":{\"@type\":\"PropertyValueSpecification\",\"valueRequired\":true,\"valueName\":\"search_term_string\"}}],\"inLanguage\":\"de\"},{\"@type\":\"Organization\",\"@id\":\"https:\\\/\\\/www.avdel-vwsv.ch\\\/de\\\/#organization\",\"name\":\"Association valaisanne des distributeurs d'\u00e9lectricit\u00e9\",\"url\":\"https:\\\/\\\/www.avdel-vwsv.ch\\\/de\\\/\",\"logo\":{\"@type\":\"ImageObject\",\"inLanguage\":\"de\",\"@id\":\"https:\\\/\\\/www.avdel-vwsv.ch\\\/de\\\/#\\\/schema\\\/logo\\\/image\\\/\",\"url\":\"https:\\\/\\\/www.avdel-vwsv.ch\\\/wp-content\\\/uploads\\\/2023\\\/04\\\/AVDEL-logo-_couleur.svg\",\"contentUrl\":\"https:\\\/\\\/www.avdel-vwsv.ch\\\/wp-content\\\/uploads\\\/2023\\\/04\\\/AVDEL-logo-_couleur.svg\",\"width\":\"2560\",\"height\":\"1440\",\"caption\":\"Association valaisanne des distributeurs d'\u00e9lectricit\u00e9\"},\"image\":{\"@id\":\"https:\\\/\\\/www.avdel-vwsv.ch\\\/de\\\/#\\\/schema\\\/logo\\\/image\\\/\"}}]}<\/script>\n<!-- \/ Yoast SEO plugin. -->","yoast_head_json":{"title":"Ausbildung - Association valaisanne des distributeurs d&#039;\u00e9lectricit\u00e9","robots":{"index":"index","follow":"follow","max-snippet":"max-snippet:-1","max-image-preview":"max-image-preview:large","max-video-preview":"max-video-preview:-1"},"canonical":"https:\/\/www.avdel-vwsv.ch\/de\/ausbildung\/","og_locale":"de_DE","og_type":"article","og_title":"Ausbildung - Association valaisanne des distributeurs d&#039;\u00e9lectricit\u00e9","og_description":"[vc_row full_width=&#8220;stretch_row_content_no_spaces&#8220; el_class=&#8220;page-banner&#8220; css=&#8220;.vc_custom_1682516735079{background-image: url(https:\/\/www.avdel-vwsv.ch\/wp-content\/uploads\/2023\/04\/Avdel-banner-1920&#215;400-formation.jpg?id=468) !important;background-position: center !important;background-repeat: no-repeat !important;background-size: cover !important;}&#8220;][vc_column][\/vc_column][\/vc_row][vc_row css=&#8220;.vc_custom_1681951371808{padding-top: 135px !important;}&#8220; el_class=&#8220;md-pt-100 sm-pt-40&#8243;][vc_column css=&#8220;.vc_custom_1681911243588{padding-top: 0px !important;}&#8220;][vc_custom_heading text=&#8220;Ausbildung&#8220; font_container=&#8220;tag:h1|text_align:left&#8220; use_theme_fonts=&#8220;yes&#8220;][vc_single_image image=&#8220;131&#8243; img_size=&#8220;full&#8220; el_class=&#8220;small-title-icon&#8220;][\/vc_column][\/vc_row][vc_row css=&#8220;.vc_custom_1681954192454{padding-top: 60px !important;padding-bottom: 140px !important;}&#8220; el_class=&#8220;md-pt-20 md-pb-60 sm-pb-40&#8243;][vc_column css=&#8220;.vc_custom_1682325185040{padding-right: 40px !important;}&#8220; el_class=&#8220;md-pr-15&#8243;][vc_custom_heading text=&#8220;F\u00f6rderung der Ausbildung f\u00fcr die Fachkr\u00e4fte von morgen&#8220; font_container=&#8220;tag:div|text_align:left|line_height:1&#8243; use_theme_fonts=&#8220;yes&#8220; el_class=&#8220;h2&#8243;][vc_column_text css=&#8220;.vc_custom_1682415039496{margin-bottom: 20px !important;}&#8220;]Der VWSV setzt sich [&hellip;]","og_url":"https:\/\/www.avdel-vwsv.ch\/de\/ausbildung\/","og_site_name":"Association valaisanne des distributeurs d&#039;\u00e9lectricit\u00e9","article_modified_time":"2023-04-27T15:42:07+00:00","twitter_card":"summary_large_image","twitter_misc":{"Gesch\u00e4tzte Lesezeit":"2\u00a0Minuten"},"schema":{"@context":"https:\/\/schema.org","@graph":[{"@type":"WebPage","@id":"https:\/\/www.avdel-vwsv.ch\/de\/ausbildung\/","url":"https:\/\/www.avdel-vwsv.ch\/de\/ausbildung\/","name":"Ausbildung - Association valaisanne des distributeurs d&#039;\u00e9lectricit\u00e9","isPartOf":{"@id":"https:\/\/www.avdel-vwsv.ch\/de\/#website"},"datePublished":"2023-04-24T08:30:52+00:00","dateModified":"2023-04-27T15:42:07+00:00","breadcrumb":{"@id":"https:\/\/www.avdel-vwsv.ch\/de\/ausbildung\/#breadcrumb"},"inLanguage":"de","potentialAction":[{"@type":"ReadAction","target":["https:\/\/www.avdel-vwsv.ch\/de\/ausbildung\/"]}]},{"@type":"BreadcrumbList","@id":"https:\/\/www.avdel-vwsv.ch\/de\/ausbildung\/#breadcrumb","itemListElement":[{"@type":"ListItem","position":1,"name":"Accueil","item":"https:\/\/www.avdel-vwsv.ch\/de\/"},{"@type":"ListItem","position":2,"name":"Ausbildung"}]},{"@type":"WebSite","@id":"https:\/\/www.avdel-vwsv.ch\/de\/#website","url":"https:\/\/www.avdel-vwsv.ch\/de\/","name":"Avdel - Association valaisanne des distributeurs d'\u00e9lectricit\u00e9","description":"","publisher":{"@id":"https:\/\/www.avdel-vwsv.ch\/de\/#organization"},"potentialAction":[{"@type":"SearchAction","target":{"@type":"EntryPoint","urlTemplate":"https:\/\/www.avdel-vwsv.ch\/de\/?s={search_term_string}"},"query-input":{"@type":"PropertyValueSpecification","valueRequired":true,"valueName":"search_term_string"}}],"inLanguage":"de"},{"@type":"Organization","@id":"https:\/\/www.avdel-vwsv.ch\/de\/#organization","name":"Association valaisanne des distributeurs d'\u00e9lectricit\u00e9","url":"https:\/\/www.avdel-vwsv.ch\/de\/","logo":{"@type":"ImageObject","inLanguage":"de","@id":"https:\/\/www.avdel-vwsv.ch\/de\/#\/schema\/logo\/image\/","url":"https:\/\/www.avdel-vwsv.ch\/wp-content\/uploads\/2023\/04\/AVDEL-logo-_couleur.svg","contentUrl":"https:\/\/www.avdel-vwsv.ch\/wp-content\/uploads\/2023\/04\/AVDEL-logo-_couleur.svg","width":"2560","height":"1440","caption":"Association valaisanne des distributeurs d'\u00e9lectricit\u00e9"},"image":{"@id":"https:\/\/www.avdel-vwsv.ch\/de\/#\/schema\/logo\/image\/"}}]}},"_links":{"self":[{"href":"https:\/\/www.avdel-vwsv.ch\/de\/wp-json\/wp\/v2\/pages\/400","targetHints":{"allow":["GET"]}}],"collection":[{"href":"https:\/\/www.avdel-vwsv.ch\/de\/wp-json\/wp\/v2\/pages"}],"about":[{"href":"https:\/\/www.avdel-vwsv.ch\/de\/wp-json\/wp\/v2\/types\/page"}],"author":[{"embeddable":true,"href":"https:\/\/www.avdel-vwsv.ch\/de\/wp-json\/wp\/v2\/users\/1"}],"replies":[{"embeddable":true,"href":"https:\/\/www.avdel-vwsv.ch\/de\/wp-json\/wp\/v2\/comments?post=400"}],"version-history":[{"count":3,"href":"https:\/\/www.avdel-vwsv.ch\/de\/wp-json\/wp\/v2\/pages\/400\/revisions"}],"predecessor-version":[{"id":421,"href":"https:\/\/www.avdel-vwsv.ch\/de\/wp-json\/wp\/v2\/pages\/400\/revisions\/421"}],"wp:attachment":[{"href":"https:\/\/www.avdel-vwsv.ch\/de\/wp-json\/wp\/v2\/media?parent=400"}],"curies":[{"name":"wp","href":"https:\/\/api.w.org\/{rel}","templated":true}]}}