{"id":389,"date":"2023-04-19T15:27:15","date_gmt":"2023-04-19T13:27:15","guid":{"rendered":"https:\/\/www.avdel-vwsv.ch\/?page_id=389"},"modified":"2023-04-26T15:52:37","modified_gmt":"2023-04-26T13:52:37","slug":"versorgungssicherheit","status":"publish","type":"page","link":"https:\/\/www.avdel-vwsv.ch\/de\/versorgungssicherheit\/","title":{"rendered":"Versorgungssicherheit"},"content":{"rendered":"<div class=\"wpb-content-wrapper\"><p>[vc_row full_width=&#8220;stretch_row_content_no_spaces&#8220; el_class=&#8220;page-banner&#8220; css=&#8220;.vc_custom_1682517142367{background-image: url(https:\/\/www.avdel-vwsv.ch\/wp-content\/uploads\/2023\/04\/Avdel-banner-1920&#215;400-appro.jpg?id=472) !important;background-position: center !important;background-repeat: no-repeat !important;background-size: cover !important;}&#8220;][vc_column][\/vc_column][\/vc_row][vc_row css=&#8220;.vc_custom_1681951371808{padding-top: 135px !important;}&#8220; el_class=&#8220;md-pt-100 sm-pt-40&#8243;][vc_column css=&#8220;.vc_custom_1681911243588{padding-top: 0px !important;}&#8220;][vc_custom_heading text=&#8220;Versorgungssicherheit&#8220; font_container=&#8220;tag:h1|text_align:left&#8220; use_theme_fonts=&#8220;yes&#8220;][vc_single_image image=&#8220;131&#8243; img_size=&#8220;full&#8220; el_class=&#8220;small-title-icon&#8220;][\/vc_column][\/vc_row][vc_row css=&#8220;.vc_custom_1681954192454{padding-top: 60px !important;padding-bottom: 140px !important;}&#8220; el_class=&#8220;md-pt-20 md-pb-60 sm-pb-40&#8243;][vc_column width=&#8220;3\/5&#8243; css=&#8220;.vc_custom_1681953268846{padding-right: 40px !important;}&#8220; el_class=&#8220;md-pr-15&#8243;][vc_column_text el_class=&#8220;font-medium font-22 grey-color&#8220; css=&#8220;.vc_custom_1682414415458{margin-bottom: 20px !important;}&#8220;]Der Verbraucher hat die Gewissheit, dass ihm <strong>die gew\u00fcnschte Strommenge <\/strong>jederzeit, ohne Unterbrechung, in der erforderlichen Qualit\u00e4t und zu einem angemessenen Preis zur Verf\u00fcgung steht. In der Schweiz sind wir bei der Stromversorgung vom Ausland abh\u00e4ngig, besonders w\u00e4hrend den Wintermonaten.[\/vc_column_text][vc_custom_heading text=&#8220;Saisonale und geopolitische Einflussfaktoren&#8220; font_container=&#8220;tag:div|text_align:left|line_height:1&#8243; use_theme_fonts=&#8220;yes&#8220; el_class=&#8220;h2&#8243;][vc_column_text css=&#8220;.vc_custom_1682414441560{margin-bottom: 20px !important;}&#8220;]Verschiedene Faktoren k\u00f6nnen zu einer geringeren Stromproduktion <strong>f\u00fchren<\/strong>:<strong> Ein trockener Sommer f\u00fchrt dazu, dass die Stauseen in der Schweiz nicht ausreichend gef\u00fcllt sind<\/strong>; der Winter ist in der Regel lang und kalt, mit wenig Wind und Sonne; und <strong>die Stromimporte h\u00e4ngen von der politischen und wirtschaftlichen Lage in den Nachbarl\u00e4ndern ab<\/strong>.[\/vc_column_text][vc_custom_heading text=&#8220;St\u00e4rkung der einheimischen Produktion&#8220; font_container=&#8220;tag:div|text_align:left|line_height:1&#8243; use_theme_fonts=&#8220;yes&#8220; el_class=&#8220;h2&#8243;][vc_column_text]Um eine Strommangellage zu vermeiden, ist der <strong>Ausbau der einheimischen Produktionskapazit\u00e4ten, die darauf abzielen, die Verf\u00fcgbarkeit von Energie im Winter zu gew\u00e4hrleisten, <\/strong>eine strategische Reserve zu schaffen und den Pro-Kopf-Verbrauch zu senken, von entscheidender Bedeutung. Ausserdem wird dadurch die Energieautonomie der Schweiz gest\u00e4rkt und der Einfluss des europ\u00e4ischen Marktes auf die Energiepreise abgeschw\u00e4cht.<\/p>\n<p>In diesem Zusammenhang spielen die Stromverteiler eine Schl\u00fcsselrolle, indem sie ihre Netze ausbauen. Einige investieren auch in Produktionsanlagen, bieten ihren Kunden Energiel\u00f6sungen an und sensibilisieren sie f\u00fcr das Energiesparen. Um ihre Aufgaben erf\u00fcllen zu k\u00f6nnen, sind sie auf Unterst\u00fctzung und g\u00fcnstige Rahmenbedingungen angewiesen.[\/vc_column_text][\/vc_column][vc_column width=&#8220;2\/5&#8243; css=&#8220;.vc_custom_1681922216246{background-color: #e7eff5 !important;}&#8220; el_class=&#8220;blue-text-box&#8220;][vc_custom_heading text=&#8220;Priorit\u00e4ten :&#8220; font_container=&#8220;tag:div|text_align:left|color:%2319191c&#8220; use_theme_fonts=&#8220;yes&#8220; el_class=&#8220;h2&#8243;][vc_column_text]<\/p>\n<ul>\n<li>Eintreten f\u00fcr eine Marktentwicklung, die die Versorgungssicherheit nicht beeintr\u00e4chtigt, indem realistische Effizienzziele festgelegt werden.<\/li>\n<li>Erm\u00f6glichen von g\u00fcnstigen Rahmenbedingungen f\u00fcr Investitionen in die Anlagen f\u00fcr die Stromverteiler;<\/li>\n<li>Verk\u00fcrzen der Verfahren und Einf\u00fchren von Zusch\u00fcssen zur F\u00f6rderung von Grossprojekten (z. B. alpine Solarparks).<\/li>\n<li>Verst\u00e4rkung der Zusammenarbeit zwischen dem Staat Wallis und den Vertriebspartnern im Zusammenhang mit <a href=\"https:\/\/www.ostral.ch\/de\" target=\"_blank\" rel=\"noopener\">OSTRAL<\/a>.<\/li>\n<\/ul>\n<p>[\/vc_column_text][\/vc_column][\/vc_row]<\/p>\n<\/div>","protected":false},"excerpt":{"rendered":"<p>[vc_row full_width=&#8220;stretch_row_content_no_spaces&#8220; el_class=&#8220;page-banner&#8220; css=&#8220;.vc_custom_1682517142367{background-image: url(https:\/\/www.avdel-vwsv.ch\/wp-content\/uploads\/2023\/04\/Avdel-banner-1920&#215;400-appro.jpg?id=472) !important;background-position: center !important;background-repeat: no-repeat !important;background-size: cover !important;}&#8220;][vc_column][\/vc_column][\/vc_row][vc_row css=&#8220;.vc_custom_1681951371808{padding-top: 135px !important;}&#8220; el_class=&#8220;md-pt-100 sm-pt-40&#8243;][vc_column css=&#8220;.vc_custom_1681911243588{padding-top: 0px !important;}&#8220;][vc_custom_heading text=&#8220;Versorgungssicherheit&#8220; font_container=&#8220;tag:h1|text_align:left&#8220; use_theme_fonts=&#8220;yes&#8220;][vc_single_image image=&#8220;131&#8243; img_size=&#8220;full&#8220; el_class=&#8220;small-title-icon&#8220;][\/vc_column][\/vc_row][vc_row css=&#8220;.vc_custom_1681954192454{padding-top: 60px !important;padding-bottom: 140px !important;}&#8220; el_class=&#8220;md-pt-20 md-pb-60 sm-pb-40&#8243;][vc_column width=&#8220;3\/5&#8243; css=&#8220;.vc_custom_1681953268846{padding-right: 40px !important;}&#8220; el_class=&#8220;md-pr-15&#8243;][vc_column_text el_class=&#8220;font-medium font-22 grey-color&#8220; css=&#8220;.vc_custom_1682414415458{margin-bottom: 20px !important;}&#8220;]Der Verbraucher hat die Gewissheit, dass ihm die gew\u00fcnschte Strommenge jederzeit, [&hellip;]<\/p>\n","protected":false},"author":1,"featured_media":0,"parent":0,"menu_order":0,"comment_status":"closed","ping_status":"closed","template":"","meta":{"_acf_changed":false,"inline_featured_image":false,"footnotes":""},"class_list":["post-389","page","type-page","status-publish","hentry"],"acf":[],"yoast_head":"<!-- This site is optimized with the Yoast SEO plugin v27.5 - https:\/\/yoast.com\/product\/yoast-seo-wordpress\/ -->\n<title>Versorgungssicherheit - Association valaisanne des distributeurs d&#039;\u00e9lectricit\u00e9<\/title>\n<meta name=\"robots\" content=\"index, follow, max-snippet:-1, max-image-preview:large, max-video-preview:-1\" \/>\n<link rel=\"canonical\" href=\"https:\/\/www.avdel-vwsv.ch\/de\/versorgungssicherheit\/\" \/>\n<meta property=\"og:locale\" content=\"de_DE\" \/>\n<meta property=\"og:type\" content=\"article\" \/>\n<meta property=\"og:title\" content=\"Versorgungssicherheit - Association valaisanne des distributeurs d&#039;\u00e9lectricit\u00e9\" \/>\n<meta property=\"og:description\" content=\"[vc_row full_width=&#8220;stretch_row_content_no_spaces&#8220; el_class=&#8220;page-banner&#8220; css=&#8220;.vc_custom_1682517142367{background-image: url(https:\/\/www.avdel-vwsv.ch\/wp-content\/uploads\/2023\/04\/Avdel-banner-1920&#215;400-appro.jpg?id=472) !important;background-position: center !important;background-repeat: no-repeat !important;background-size: cover !important;}&#8220;][vc_column][\/vc_column][\/vc_row][vc_row css=&#8220;.vc_custom_1681951371808{padding-top: 135px !important;}&#8220; el_class=&#8220;md-pt-100 sm-pt-40&#8243;][vc_column css=&#8220;.vc_custom_1681911243588{padding-top: 0px !important;}&#8220;][vc_custom_heading text=&#8220;Versorgungssicherheit&#8220; font_container=&#8220;tag:h1|text_align:left&#8220; use_theme_fonts=&#8220;yes&#8220;][vc_single_image image=&#8220;131&#8243; img_size=&#8220;full&#8220; el_class=&#8220;small-title-icon&#8220;][\/vc_column][\/vc_row][vc_row css=&#8220;.vc_custom_1681954192454{padding-top: 60px !important;padding-bottom: 140px !important;}&#8220; el_class=&#8220;md-pt-20 md-pb-60 sm-pb-40&#8243;][vc_column width=&#8220;3\/5&#8243; css=&#8220;.vc_custom_1681953268846{padding-right: 40px !important;}&#8220; el_class=&#8220;md-pr-15&#8243;][vc_column_text el_class=&#8220;font-medium font-22 grey-color&#8220; css=&#8220;.vc_custom_1682414415458{margin-bottom: 20px !important;}&#8220;]Der Verbraucher hat die Gewissheit, dass ihm die gew\u00fcnschte Strommenge jederzeit, [&hellip;]\" \/>\n<meta property=\"og:url\" content=\"https:\/\/www.avdel-vwsv.ch\/de\/versorgungssicherheit\/\" \/>\n<meta property=\"og:site_name\" content=\"Association valaisanne des distributeurs d&#039;\u00e9lectricit\u00e9\" \/>\n<meta property=\"article:modified_time\" content=\"2023-04-26T13:52:37+00:00\" \/>\n<meta name=\"twitter:card\" content=\"summary_large_image\" \/>\n<meta name=\"twitter:label1\" content=\"Gesch\u00e4tzte Lesezeit\" \/>\n\t<meta name=\"twitter:data1\" content=\"3\u00a0Minuten\" \/>\n<script type=\"application\/ld+json\" class=\"yoast-schema-graph\">{\"@context\":\"https:\\\/\\\/schema.org\",\"@graph\":[{\"@type\":\"WebPage\",\"@id\":\"https:\\\/\\\/www.avdel-vwsv.ch\\\/de\\\/versorgungssicherheit\\\/\",\"url\":\"https:\\\/\\\/www.avdel-vwsv.ch\\\/de\\\/versorgungssicherheit\\\/\",\"name\":\"Versorgungssicherheit - Association valaisanne des distributeurs d&#039;\u00e9lectricit\u00e9\",\"isPartOf\":{\"@id\":\"https:\\\/\\\/www.avdel-vwsv.ch\\\/de\\\/#website\"},\"datePublished\":\"2023-04-19T13:27:15+00:00\",\"dateModified\":\"2023-04-26T13:52:37+00:00\",\"breadcrumb\":{\"@id\":\"https:\\\/\\\/www.avdel-vwsv.ch\\\/de\\\/versorgungssicherheit\\\/#breadcrumb\"},\"inLanguage\":\"de\",\"potentialAction\":[{\"@type\":\"ReadAction\",\"target\":[\"https:\\\/\\\/www.avdel-vwsv.ch\\\/de\\\/versorgungssicherheit\\\/\"]}]},{\"@type\":\"BreadcrumbList\",\"@id\":\"https:\\\/\\\/www.avdel-vwsv.ch\\\/de\\\/versorgungssicherheit\\\/#breadcrumb\",\"itemListElement\":[{\"@type\":\"ListItem\",\"position\":1,\"name\":\"Accueil\",\"item\":\"https:\\\/\\\/www.avdel-vwsv.ch\\\/de\\\/\"},{\"@type\":\"ListItem\",\"position\":2,\"name\":\"Versorgungssicherheit\"}]},{\"@type\":\"WebSite\",\"@id\":\"https:\\\/\\\/www.avdel-vwsv.ch\\\/de\\\/#website\",\"url\":\"https:\\\/\\\/www.avdel-vwsv.ch\\\/de\\\/\",\"name\":\"Avdel - Association valaisanne des distributeurs d'\u00e9lectricit\u00e9\",\"description\":\"\",\"publisher\":{\"@id\":\"https:\\\/\\\/www.avdel-vwsv.ch\\\/de\\\/#organization\"},\"potentialAction\":[{\"@type\":\"SearchAction\",\"target\":{\"@type\":\"EntryPoint\",\"urlTemplate\":\"https:\\\/\\\/www.avdel-vwsv.ch\\\/de\\\/?s={search_term_string}\"},\"query-input\":{\"@type\":\"PropertyValueSpecification\",\"valueRequired\":true,\"valueName\":\"search_term_string\"}}],\"inLanguage\":\"de\"},{\"@type\":\"Organization\",\"@id\":\"https:\\\/\\\/www.avdel-vwsv.ch\\\/de\\\/#organization\",\"name\":\"Association valaisanne des distributeurs d'\u00e9lectricit\u00e9\",\"url\":\"https:\\\/\\\/www.avdel-vwsv.ch\\\/de\\\/\",\"logo\":{\"@type\":\"ImageObject\",\"inLanguage\":\"de\",\"@id\":\"https:\\\/\\\/www.avdel-vwsv.ch\\\/de\\\/#\\\/schema\\\/logo\\\/image\\\/\",\"url\":\"https:\\\/\\\/www.avdel-vwsv.ch\\\/wp-content\\\/uploads\\\/2023\\\/04\\\/AVDEL-logo-_couleur.svg\",\"contentUrl\":\"https:\\\/\\\/www.avdel-vwsv.ch\\\/wp-content\\\/uploads\\\/2023\\\/04\\\/AVDEL-logo-_couleur.svg\",\"width\":\"2560\",\"height\":\"1440\",\"caption\":\"Association valaisanne des distributeurs d'\u00e9lectricit\u00e9\"},\"image\":{\"@id\":\"https:\\\/\\\/www.avdel-vwsv.ch\\\/de\\\/#\\\/schema\\\/logo\\\/image\\\/\"}}]}<\/script>\n<!-- \/ Yoast SEO plugin. -->","yoast_head_json":{"title":"Versorgungssicherheit - Association valaisanne des distributeurs d&#039;\u00e9lectricit\u00e9","robots":{"index":"index","follow":"follow","max-snippet":"max-snippet:-1","max-image-preview":"max-image-preview:large","max-video-preview":"max-video-preview:-1"},"canonical":"https:\/\/www.avdel-vwsv.ch\/de\/versorgungssicherheit\/","og_locale":"de_DE","og_type":"article","og_title":"Versorgungssicherheit - Association valaisanne des distributeurs d&#039;\u00e9lectricit\u00e9","og_description":"[vc_row full_width=&#8220;stretch_row_content_no_spaces&#8220; el_class=&#8220;page-banner&#8220; css=&#8220;.vc_custom_1682517142367{background-image: url(https:\/\/www.avdel-vwsv.ch\/wp-content\/uploads\/2023\/04\/Avdel-banner-1920&#215;400-appro.jpg?id=472) !important;background-position: center !important;background-repeat: no-repeat !important;background-size: cover !important;}&#8220;][vc_column][\/vc_column][\/vc_row][vc_row css=&#8220;.vc_custom_1681951371808{padding-top: 135px !important;}&#8220; el_class=&#8220;md-pt-100 sm-pt-40&#8243;][vc_column css=&#8220;.vc_custom_1681911243588{padding-top: 0px !important;}&#8220;][vc_custom_heading text=&#8220;Versorgungssicherheit&#8220; font_container=&#8220;tag:h1|text_align:left&#8220; use_theme_fonts=&#8220;yes&#8220;][vc_single_image image=&#8220;131&#8243; img_size=&#8220;full&#8220; el_class=&#8220;small-title-icon&#8220;][\/vc_column][\/vc_row][vc_row css=&#8220;.vc_custom_1681954192454{padding-top: 60px !important;padding-bottom: 140px !important;}&#8220; el_class=&#8220;md-pt-20 md-pb-60 sm-pb-40&#8243;][vc_column width=&#8220;3\/5&#8243; css=&#8220;.vc_custom_1681953268846{padding-right: 40px !important;}&#8220; el_class=&#8220;md-pr-15&#8243;][vc_column_text el_class=&#8220;font-medium font-22 grey-color&#8220; css=&#8220;.vc_custom_1682414415458{margin-bottom: 20px !important;}&#8220;]Der Verbraucher hat die Gewissheit, dass ihm die gew\u00fcnschte Strommenge jederzeit, [&hellip;]","og_url":"https:\/\/www.avdel-vwsv.ch\/de\/versorgungssicherheit\/","og_site_name":"Association valaisanne des distributeurs d&#039;\u00e9lectricit\u00e9","article_modified_time":"2023-04-26T13:52:37+00:00","twitter_card":"summary_large_image","twitter_misc":{"Gesch\u00e4tzte Lesezeit":"3\u00a0Minuten"},"schema":{"@context":"https:\/\/schema.org","@graph":[{"@type":"WebPage","@id":"https:\/\/www.avdel-vwsv.ch\/de\/versorgungssicherheit\/","url":"https:\/\/www.avdel-vwsv.ch\/de\/versorgungssicherheit\/","name":"Versorgungssicherheit - Association valaisanne des distributeurs d&#039;\u00e9lectricit\u00e9","isPartOf":{"@id":"https:\/\/www.avdel-vwsv.ch\/de\/#website"},"datePublished":"2023-04-19T13:27:15+00:00","dateModified":"2023-04-26T13:52:37+00:00","breadcrumb":{"@id":"https:\/\/www.avdel-vwsv.ch\/de\/versorgungssicherheit\/#breadcrumb"},"inLanguage":"de","potentialAction":[{"@type":"ReadAction","target":["https:\/\/www.avdel-vwsv.ch\/de\/versorgungssicherheit\/"]}]},{"@type":"BreadcrumbList","@id":"https:\/\/www.avdel-vwsv.ch\/de\/versorgungssicherheit\/#breadcrumb","itemListElement":[{"@type":"ListItem","position":1,"name":"Accueil","item":"https:\/\/www.avdel-vwsv.ch\/de\/"},{"@type":"ListItem","position":2,"name":"Versorgungssicherheit"}]},{"@type":"WebSite","@id":"https:\/\/www.avdel-vwsv.ch\/de\/#website","url":"https:\/\/www.avdel-vwsv.ch\/de\/","name":"Avdel - Association valaisanne des distributeurs d'\u00e9lectricit\u00e9","description":"","publisher":{"@id":"https:\/\/www.avdel-vwsv.ch\/de\/#organization"},"potentialAction":[{"@type":"SearchAction","target":{"@type":"EntryPoint","urlTemplate":"https:\/\/www.avdel-vwsv.ch\/de\/?s={search_term_string}"},"query-input":{"@type":"PropertyValueSpecification","valueRequired":true,"valueName":"search_term_string"}}],"inLanguage":"de"},{"@type":"Organization","@id":"https:\/\/www.avdel-vwsv.ch\/de\/#organization","name":"Association valaisanne des distributeurs d'\u00e9lectricit\u00e9","url":"https:\/\/www.avdel-vwsv.ch\/de\/","logo":{"@type":"ImageObject","inLanguage":"de","@id":"https:\/\/www.avdel-vwsv.ch\/de\/#\/schema\/logo\/image\/","url":"https:\/\/www.avdel-vwsv.ch\/wp-content\/uploads\/2023\/04\/AVDEL-logo-_couleur.svg","contentUrl":"https:\/\/www.avdel-vwsv.ch\/wp-content\/uploads\/2023\/04\/AVDEL-logo-_couleur.svg","width":"2560","height":"1440","caption":"Association valaisanne des distributeurs d'\u00e9lectricit\u00e9"},"image":{"@id":"https:\/\/www.avdel-vwsv.ch\/de\/#\/schema\/logo\/image\/"}}]}},"_links":{"self":[{"href":"https:\/\/www.avdel-vwsv.ch\/de\/wp-json\/wp\/v2\/pages\/389","targetHints":{"allow":["GET"]}}],"collection":[{"href":"https:\/\/www.avdel-vwsv.ch\/de\/wp-json\/wp\/v2\/pages"}],"about":[{"href":"https:\/\/www.avdel-vwsv.ch\/de\/wp-json\/wp\/v2\/types\/page"}],"author":[{"embeddable":true,"href":"https:\/\/www.avdel-vwsv.ch\/de\/wp-json\/wp\/v2\/users\/1"}],"replies":[{"embeddable":true,"href":"https:\/\/www.avdel-vwsv.ch\/de\/wp-json\/wp\/v2\/comments?post=389"}],"version-history":[{"count":3,"href":"https:\/\/www.avdel-vwsv.ch\/de\/wp-json\/wp\/v2\/pages\/389\/revisions"}],"predecessor-version":[{"id":476,"href":"https:\/\/www.avdel-vwsv.ch\/de\/wp-json\/wp\/v2\/pages\/389\/revisions\/476"}],"wp:attachment":[{"href":"https:\/\/www.avdel-vwsv.ch\/de\/wp-json\/wp\/v2\/media?parent=389"}],"curies":[{"name":"wp","href":"https:\/\/api.w.org\/{rel}","templated":true}]}}