{"id":383,"date":"2023-04-24T10:05:13","date_gmt":"2023-04-24T08:05:13","guid":{"rendered":"https:\/\/www.avdel-vwsv.ch\/?page_id=383"},"modified":"2023-05-04T15:18:05","modified_gmt":"2023-05-04T13:18:05","slug":"energiewende","status":"publish","type":"page","link":"https:\/\/www.avdel-vwsv.ch\/de\/energiewende\/","title":{"rendered":"Energiewende"},"content":{"rendered":"<div class=\"wpb-content-wrapper\"><p>[vc_row full_width=&#8220;stretch_row_content_no_spaces&#8220; el_class=&#8220;page-banner&#8220; css=&#8220;.vc_custom_1682517367998{background-image: url(https:\/\/www.avdel-vwsv.ch\/wp-content\/uploads\/2023\/04\/Avdel-banner-1920&#215;400-transition.jpg?id=484) !important;background-position: center !important;background-repeat: no-repeat !important;background-size: cover !important;}&#8220;][vc_column][\/vc_column][\/vc_row][vc_row css=&#8220;.vc_custom_1681951371808{padding-top: 135px !important;}&#8220; el_class=&#8220;md-pt-100 sm-pt-40&#8243;][vc_column css=&#8220;.vc_custom_1681911243588{padding-top: 0px !important;}&#8220;][vc_custom_heading text=&#8220;Energiewende&#8220; font_container=&#8220;tag:h1|text_align:left&#8220; use_theme_fonts=&#8220;yes&#8220;][vc_single_image image=&#8220;131&#8243; img_size=&#8220;full&#8220; el_class=&#8220;small-title-icon&#8220;][\/vc_column][\/vc_row][vc_row css=&#8220;.vc_custom_1681954192454{padding-top: 60px !important;padding-bottom: 140px !important;}&#8220; el_class=&#8220;md-pt-20 md-pb-60 sm-pb-40&#8243;][vc_column width=&#8220;3\/5&#8243; css=&#8220;.vc_custom_1681953268846{padding-right: 40px !important;}&#8220; el_class=&#8220;md-pr-15&#8243;][vc_column_text el_class=&#8220;font-medium font-22 grey-color&#8220; css=&#8220;.vc_custom_1682414119654{margin-bottom: 20px !important;}&#8220;]Die Energiewende f\u00f6rdert die schnelle Elektrifizierung von Transport und Heizung, die Entwicklung hin zu einem dezentralisierten Stromsystem, die St\u00e4rkung von Innovationen und die zunehmende Digitalisierung des Stromsektors.[\/vc_column_text][vc_custom_heading text=&#8220;Eine neue Elektrifizierung der Gesellschaft durch dezentralisierte Produktion&#8220; font_container=&#8220;tag:div|text_align:left|line_height:1&#8243; use_theme_fonts=&#8220;yes&#8220; el_class=&#8220;h2&#8243;][vc_column_text]Die Entwicklung <strong>dezentraler Produktionsmittel <\/strong>wie Photovoltaikanlagen (PV) und Windenergieanlagen (WEA) wurde gef\u00f6rdert, um die <strong>Ziele der Dekarbonisierung und den Aufschwung der Elektromobilit\u00e4t <\/strong>(Auto, Fahrrad und Tretroller) zu erreichen.<\/p>\n<p>W\u00e4hrend die dezentrale Produktion &#8211; bei der jeder zum Energieerzeuger werden kann &#8211; bereits weitgehend durch Bundessubventionen unterst\u00fctzt wurde, <strong>f\u00f6rdert <\/strong><a href=\"https:\/\/www.fedlex.admin.ch\/eli\/cc\/2017\/762\/de\" target=\"_blank\" rel=\"noopener\"><strong>das eidg. Energiegesetz<\/strong><\/a><strong> (EnG) seit 2017 den Eigenverbrauch. <\/strong>Es erm\u00f6glicht auch jedem Erzeuger, seinen Strom mit seinen Nachbarn zu teilen, wodurch Zusammenschl\u00fcsse von Selbstverbrauchern entstehen.<\/p>\n<p>Um der Nachfrage gerecht zu werden, m\u00fcssen die Stromverteiler <strong>ein <\/strong><a href=\"https:\/\/www.bfe.admin.ch\/bfe\/de\/home\/versorgung\/stromversorgung\/stromnetze\/smart-grids.html\" target=\"_blank\" rel=\"noopener\"><strong>Smart Grid<\/strong><\/a><strong>, <\/strong><strong>d. h. ein intelligentes Netz, einrichten, mit dem die Energieverteilung und der Energieverbrauch optimiert werden k\u00f6nnen.<\/strong> Zu diesem Zweck investieren sie erheblich in die Modernisierung und Digitalisierung ihrer Netze. Insbesondere sind sie verpflichtet, bis 2027 bei mindestens 80 % ihrer Kunden vernetzte Z\u00e4hler (Smart Metering) zu installieren. Diese Technologie wird es erm\u00f6glichen, die Verbrauchsdaten in Echtzeit abzurufen, um die Verteilung zu optimieren und Energieeinsparungen zu f\u00f6rdern.[\/vc_column_text][vc_custom_heading text=&#8220;Entwicklung erneuerbarer Energien&#8220; font_container=&#8220;tag:div|text_align:left|line_height:1&#8243; use_theme_fonts=&#8220;yes&#8220; el_class=&#8220;h2&#8243;][vc_column_text css=&#8220;.vc_custom_1682414286565{margin-bottom: 20px !important;}&#8220;]Seit mehreren Jahren unterst\u00fctzen die Stromverteiler auch die Energiewende, <strong>indem sie erneuerbare Energien (Wasser-, Wind- und Solarenergie) f\u00f6rdern, innovative Energiel\u00f6sungen entwickeln und in Anlagen zur Erzeugung erneuerbarer Energien investieren. <\/strong><\/p>\n<p>Der gesetzliche Rahmen macht es jedoch oft m\u00fchsam und langwierig, die Verfahren zu durchlaufen, um Projekte umzusetzen, die dem Energiewandel f\u00f6rderlich sind, sowohl f\u00fcr Privatpersonen als auch f\u00fcr Unternehmen. Um die Ziele der Energiestrategie 2050 zu erreichen, ist es von entscheidender Bedeutung, diese Verfahren zu vereinfachen[\/vc_column_text][\/vc_column][vc_column width=&#8220;2\/5&#8243; css=&#8220;.vc_custom_1681922216246{background-color: #e7eff5 !important;}&#8220; el_class=&#8220;blue-text-box&#8220;][vc_custom_heading text=&#8220;Priorit\u00e4ten :&#8220; font_container=&#8220;tag:div|text_align:left|color:%2319191c&#8220; use_theme_fonts=&#8220;yes&#8220; el_class=&#8220;h2&#8243;][vc_column_text]<\/p>\n<ul>\n<li>Erleichterung der Finanzierung des Netzwerkausbaus (z. B. durch Erh\u00f6hung des kalkulatorischen Zinssatzes WACC).<\/li>\n<li>F\u00f6rderung der Einf\u00fchrung von Anreizen, um die Produktion von einheimischem Strom aus erneuerbaren Energien zu unterst\u00fctzen.<\/li>\n<li>Vereinfachung der Verfahren f\u00fcr den Bau von Anlagen f\u00fcr erneuerbare Energien.<\/li>\n<\/ul>\n<p>[\/vc_column_text][\/vc_column][\/vc_row]<\/p>\n<\/div>","protected":false},"excerpt":{"rendered":"<p>[vc_row full_width=&#8220;stretch_row_content_no_spaces&#8220; el_class=&#8220;page-banner&#8220; css=&#8220;.vc_custom_1682517367998{background-image: url(https:\/\/www.avdel-vwsv.ch\/wp-content\/uploads\/2023\/04\/Avdel-banner-1920&#215;400-transition.jpg?id=484) !important;background-position: center !important;background-repeat: no-repeat !important;background-size: cover !important;}&#8220;][vc_column][\/vc_column][\/vc_row][vc_row css=&#8220;.vc_custom_1681951371808{padding-top: 135px !important;}&#8220; el_class=&#8220;md-pt-100 sm-pt-40&#8243;][vc_column css=&#8220;.vc_custom_1681911243588{padding-top: 0px !important;}&#8220;][vc_custom_heading text=&#8220;Energiewende&#8220; font_container=&#8220;tag:h1|text_align:left&#8220; use_theme_fonts=&#8220;yes&#8220;][vc_single_image image=&#8220;131&#8243; img_size=&#8220;full&#8220; el_class=&#8220;small-title-icon&#8220;][\/vc_column][\/vc_row][vc_row css=&#8220;.vc_custom_1681954192454{padding-top: 60px !important;padding-bottom: 140px !important;}&#8220; el_class=&#8220;md-pt-20 md-pb-60 sm-pb-40&#8243;][vc_column width=&#8220;3\/5&#8243; css=&#8220;.vc_custom_1681953268846{padding-right: 40px !important;}&#8220; el_class=&#8220;md-pr-15&#8243;][vc_column_text el_class=&#8220;font-medium font-22 grey-color&#8220; css=&#8220;.vc_custom_1682414119654{margin-bottom: 20px !important;}&#8220;]Die Energiewende f\u00f6rdert die schnelle Elektrifizierung von Transport und Heizung, die [&hellip;]<\/p>\n","protected":false},"author":1,"featured_media":0,"parent":0,"menu_order":0,"comment_status":"closed","ping_status":"closed","template":"","meta":{"_acf_changed":false,"inline_featured_image":false,"footnotes":""},"class_list":["post-383","page","type-page","status-publish","hentry"],"acf":[],"yoast_head":"<!-- This site is optimized with the Yoast SEO plugin v27.5 - https:\/\/yoast.com\/product\/yoast-seo-wordpress\/ -->\n<title>Energiewende - Association valaisanne des distributeurs d&#039;\u00e9lectricit\u00e9<\/title>\n<meta name=\"robots\" content=\"index, follow, max-snippet:-1, max-image-preview:large, max-video-preview:-1\" \/>\n<link rel=\"canonical\" href=\"https:\/\/www.avdel-vwsv.ch\/de\/energiewende\/\" \/>\n<meta property=\"og:locale\" content=\"de_DE\" \/>\n<meta property=\"og:type\" content=\"article\" \/>\n<meta property=\"og:title\" content=\"Energiewende - Association valaisanne des distributeurs d&#039;\u00e9lectricit\u00e9\" \/>\n<meta property=\"og:description\" content=\"[vc_row full_width=&#8220;stretch_row_content_no_spaces&#8220; el_class=&#8220;page-banner&#8220; css=&#8220;.vc_custom_1682517367998{background-image: url(https:\/\/www.avdel-vwsv.ch\/wp-content\/uploads\/2023\/04\/Avdel-banner-1920&#215;400-transition.jpg?id=484) !important;background-position: center !important;background-repeat: no-repeat !important;background-size: cover !important;}&#8220;][vc_column][\/vc_column][\/vc_row][vc_row css=&#8220;.vc_custom_1681951371808{padding-top: 135px !important;}&#8220; el_class=&#8220;md-pt-100 sm-pt-40&#8243;][vc_column css=&#8220;.vc_custom_1681911243588{padding-top: 0px !important;}&#8220;][vc_custom_heading text=&#8220;Energiewende&#8220; font_container=&#8220;tag:h1|text_align:left&#8220; use_theme_fonts=&#8220;yes&#8220;][vc_single_image image=&#8220;131&#8243; img_size=&#8220;full&#8220; el_class=&#8220;small-title-icon&#8220;][\/vc_column][\/vc_row][vc_row css=&#8220;.vc_custom_1681954192454{padding-top: 60px !important;padding-bottom: 140px !important;}&#8220; el_class=&#8220;md-pt-20 md-pb-60 sm-pb-40&#8243;][vc_column width=&#8220;3\/5&#8243; css=&#8220;.vc_custom_1681953268846{padding-right: 40px !important;}&#8220; el_class=&#8220;md-pr-15&#8243;][vc_column_text el_class=&#8220;font-medium font-22 grey-color&#8220; css=&#8220;.vc_custom_1682414119654{margin-bottom: 20px !important;}&#8220;]Die Energiewende f\u00f6rdert die schnelle Elektrifizierung von Transport und Heizung, die [&hellip;]\" \/>\n<meta property=\"og:url\" content=\"https:\/\/www.avdel-vwsv.ch\/de\/energiewende\/\" \/>\n<meta property=\"og:site_name\" content=\"Association valaisanne des distributeurs d&#039;\u00e9lectricit\u00e9\" \/>\n<meta property=\"article:modified_time\" content=\"2023-05-04T13:18:05+00:00\" \/>\n<meta name=\"twitter:card\" content=\"summary_large_image\" \/>\n<meta name=\"twitter:label1\" content=\"Gesch\u00e4tzte Lesezeit\" \/>\n\t<meta name=\"twitter:data1\" content=\"2\u00a0Minuten\" \/>\n<script type=\"application\/ld+json\" class=\"yoast-schema-graph\">{\"@context\":\"https:\\\/\\\/schema.org\",\"@graph\":[{\"@type\":\"WebPage\",\"@id\":\"https:\\\/\\\/www.avdel-vwsv.ch\\\/de\\\/energiewende\\\/\",\"url\":\"https:\\\/\\\/www.avdel-vwsv.ch\\\/de\\\/energiewende\\\/\",\"name\":\"Energiewende - Association valaisanne des distributeurs d&#039;\u00e9lectricit\u00e9\",\"isPartOf\":{\"@id\":\"https:\\\/\\\/www.avdel-vwsv.ch\\\/de\\\/#website\"},\"datePublished\":\"2023-04-24T08:05:13+00:00\",\"dateModified\":\"2023-05-04T13:18:05+00:00\",\"breadcrumb\":{\"@id\":\"https:\\\/\\\/www.avdel-vwsv.ch\\\/de\\\/energiewende\\\/#breadcrumb\"},\"inLanguage\":\"de\",\"potentialAction\":[{\"@type\":\"ReadAction\",\"target\":[\"https:\\\/\\\/www.avdel-vwsv.ch\\\/de\\\/energiewende\\\/\"]}]},{\"@type\":\"BreadcrumbList\",\"@id\":\"https:\\\/\\\/www.avdel-vwsv.ch\\\/de\\\/energiewende\\\/#breadcrumb\",\"itemListElement\":[{\"@type\":\"ListItem\",\"position\":1,\"name\":\"Accueil\",\"item\":\"https:\\\/\\\/www.avdel-vwsv.ch\\\/de\\\/\"},{\"@type\":\"ListItem\",\"position\":2,\"name\":\"Energiewende\"}]},{\"@type\":\"WebSite\",\"@id\":\"https:\\\/\\\/www.avdel-vwsv.ch\\\/de\\\/#website\",\"url\":\"https:\\\/\\\/www.avdel-vwsv.ch\\\/de\\\/\",\"name\":\"Avdel - Association valaisanne des distributeurs d'\u00e9lectricit\u00e9\",\"description\":\"\",\"publisher\":{\"@id\":\"https:\\\/\\\/www.avdel-vwsv.ch\\\/de\\\/#organization\"},\"potentialAction\":[{\"@type\":\"SearchAction\",\"target\":{\"@type\":\"EntryPoint\",\"urlTemplate\":\"https:\\\/\\\/www.avdel-vwsv.ch\\\/de\\\/?s={search_term_string}\"},\"query-input\":{\"@type\":\"PropertyValueSpecification\",\"valueRequired\":true,\"valueName\":\"search_term_string\"}}],\"inLanguage\":\"de\"},{\"@type\":\"Organization\",\"@id\":\"https:\\\/\\\/www.avdel-vwsv.ch\\\/de\\\/#organization\",\"name\":\"Association valaisanne des distributeurs d'\u00e9lectricit\u00e9\",\"url\":\"https:\\\/\\\/www.avdel-vwsv.ch\\\/de\\\/\",\"logo\":{\"@type\":\"ImageObject\",\"inLanguage\":\"de\",\"@id\":\"https:\\\/\\\/www.avdel-vwsv.ch\\\/de\\\/#\\\/schema\\\/logo\\\/image\\\/\",\"url\":\"https:\\\/\\\/www.avdel-vwsv.ch\\\/wp-content\\\/uploads\\\/2023\\\/04\\\/AVDEL-logo-_couleur.svg\",\"contentUrl\":\"https:\\\/\\\/www.avdel-vwsv.ch\\\/wp-content\\\/uploads\\\/2023\\\/04\\\/AVDEL-logo-_couleur.svg\",\"width\":\"2560\",\"height\":\"1440\",\"caption\":\"Association valaisanne des distributeurs d'\u00e9lectricit\u00e9\"},\"image\":{\"@id\":\"https:\\\/\\\/www.avdel-vwsv.ch\\\/de\\\/#\\\/schema\\\/logo\\\/image\\\/\"}}]}<\/script>\n<!-- \/ Yoast SEO plugin. -->","yoast_head_json":{"title":"Energiewende - Association valaisanne des distributeurs d&#039;\u00e9lectricit\u00e9","robots":{"index":"index","follow":"follow","max-snippet":"max-snippet:-1","max-image-preview":"max-image-preview:large","max-video-preview":"max-video-preview:-1"},"canonical":"https:\/\/www.avdel-vwsv.ch\/de\/energiewende\/","og_locale":"de_DE","og_type":"article","og_title":"Energiewende - Association valaisanne des distributeurs d&#039;\u00e9lectricit\u00e9","og_description":"[vc_row full_width=&#8220;stretch_row_content_no_spaces&#8220; el_class=&#8220;page-banner&#8220; css=&#8220;.vc_custom_1682517367998{background-image: url(https:\/\/www.avdel-vwsv.ch\/wp-content\/uploads\/2023\/04\/Avdel-banner-1920&#215;400-transition.jpg?id=484) !important;background-position: center !important;background-repeat: no-repeat !important;background-size: cover !important;}&#8220;][vc_column][\/vc_column][\/vc_row][vc_row css=&#8220;.vc_custom_1681951371808{padding-top: 135px !important;}&#8220; el_class=&#8220;md-pt-100 sm-pt-40&#8243;][vc_column css=&#8220;.vc_custom_1681911243588{padding-top: 0px !important;}&#8220;][vc_custom_heading text=&#8220;Energiewende&#8220; font_container=&#8220;tag:h1|text_align:left&#8220; use_theme_fonts=&#8220;yes&#8220;][vc_single_image image=&#8220;131&#8243; img_size=&#8220;full&#8220; el_class=&#8220;small-title-icon&#8220;][\/vc_column][\/vc_row][vc_row css=&#8220;.vc_custom_1681954192454{padding-top: 60px !important;padding-bottom: 140px !important;}&#8220; el_class=&#8220;md-pt-20 md-pb-60 sm-pb-40&#8243;][vc_column width=&#8220;3\/5&#8243; css=&#8220;.vc_custom_1681953268846{padding-right: 40px !important;}&#8220; el_class=&#8220;md-pr-15&#8243;][vc_column_text el_class=&#8220;font-medium font-22 grey-color&#8220; css=&#8220;.vc_custom_1682414119654{margin-bottom: 20px !important;}&#8220;]Die Energiewende f\u00f6rdert die schnelle Elektrifizierung von Transport und Heizung, die [&hellip;]","og_url":"https:\/\/www.avdel-vwsv.ch\/de\/energiewende\/","og_site_name":"Association valaisanne des distributeurs d&#039;\u00e9lectricit\u00e9","article_modified_time":"2023-05-04T13:18:05+00:00","twitter_card":"summary_large_image","twitter_misc":{"Gesch\u00e4tzte Lesezeit":"2\u00a0Minuten"},"schema":{"@context":"https:\/\/schema.org","@graph":[{"@type":"WebPage","@id":"https:\/\/www.avdel-vwsv.ch\/de\/energiewende\/","url":"https:\/\/www.avdel-vwsv.ch\/de\/energiewende\/","name":"Energiewende - Association valaisanne des distributeurs d&#039;\u00e9lectricit\u00e9","isPartOf":{"@id":"https:\/\/www.avdel-vwsv.ch\/de\/#website"},"datePublished":"2023-04-24T08:05:13+00:00","dateModified":"2023-05-04T13:18:05+00:00","breadcrumb":{"@id":"https:\/\/www.avdel-vwsv.ch\/de\/energiewende\/#breadcrumb"},"inLanguage":"de","potentialAction":[{"@type":"ReadAction","target":["https:\/\/www.avdel-vwsv.ch\/de\/energiewende\/"]}]},{"@type":"BreadcrumbList","@id":"https:\/\/www.avdel-vwsv.ch\/de\/energiewende\/#breadcrumb","itemListElement":[{"@type":"ListItem","position":1,"name":"Accueil","item":"https:\/\/www.avdel-vwsv.ch\/de\/"},{"@type":"ListItem","position":2,"name":"Energiewende"}]},{"@type":"WebSite","@id":"https:\/\/www.avdel-vwsv.ch\/de\/#website","url":"https:\/\/www.avdel-vwsv.ch\/de\/","name":"Avdel - Association valaisanne des distributeurs d'\u00e9lectricit\u00e9","description":"","publisher":{"@id":"https:\/\/www.avdel-vwsv.ch\/de\/#organization"},"potentialAction":[{"@type":"SearchAction","target":{"@type":"EntryPoint","urlTemplate":"https:\/\/www.avdel-vwsv.ch\/de\/?s={search_term_string}"},"query-input":{"@type":"PropertyValueSpecification","valueRequired":true,"valueName":"search_term_string"}}],"inLanguage":"de"},{"@type":"Organization","@id":"https:\/\/www.avdel-vwsv.ch\/de\/#organization","name":"Association valaisanne des distributeurs d'\u00e9lectricit\u00e9","url":"https:\/\/www.avdel-vwsv.ch\/de\/","logo":{"@type":"ImageObject","inLanguage":"de","@id":"https:\/\/www.avdel-vwsv.ch\/de\/#\/schema\/logo\/image\/","url":"https:\/\/www.avdel-vwsv.ch\/wp-content\/uploads\/2023\/04\/AVDEL-logo-_couleur.svg","contentUrl":"https:\/\/www.avdel-vwsv.ch\/wp-content\/uploads\/2023\/04\/AVDEL-logo-_couleur.svg","width":"2560","height":"1440","caption":"Association valaisanne des distributeurs d'\u00e9lectricit\u00e9"},"image":{"@id":"https:\/\/www.avdel-vwsv.ch\/de\/#\/schema\/logo\/image\/"}}]}},"_links":{"self":[{"href":"https:\/\/www.avdel-vwsv.ch\/de\/wp-json\/wp\/v2\/pages\/383","targetHints":{"allow":["GET"]}}],"collection":[{"href":"https:\/\/www.avdel-vwsv.ch\/de\/wp-json\/wp\/v2\/pages"}],"about":[{"href":"https:\/\/www.avdel-vwsv.ch\/de\/wp-json\/wp\/v2\/types\/page"}],"author":[{"embeddable":true,"href":"https:\/\/www.avdel-vwsv.ch\/de\/wp-json\/wp\/v2\/users\/1"}],"replies":[{"embeddable":true,"href":"https:\/\/www.avdel-vwsv.ch\/de\/wp-json\/wp\/v2\/comments?post=383"}],"version-history":[{"count":6,"href":"https:\/\/www.avdel-vwsv.ch\/de\/wp-json\/wp\/v2\/pages\/383\/revisions"}],"predecessor-version":[{"id":486,"href":"https:\/\/www.avdel-vwsv.ch\/de\/wp-json\/wp\/v2\/pages\/383\/revisions\/486"}],"wp:attachment":[{"href":"https:\/\/www.avdel-vwsv.ch\/de\/wp-json\/wp\/v2\/media?parent=383"}],"curies":[{"name":"wp","href":"https:\/\/api.w.org\/{rel}","templated":true}]}}