{"id":378,"date":"2023-04-19T03:56:46","date_gmt":"2023-04-19T01:56:46","guid":{"rendered":"https:\/\/www.avdel-vwsv.ch\/?page_id=378"},"modified":"2023-04-28T14:21:49","modified_gmt":"2023-04-28T12:21:49","slug":"themen","status":"publish","type":"page","link":"https:\/\/www.avdel-vwsv.ch\/de\/themen\/","title":{"rendered":"Themen"},"content":{"rendered":"<div class=\"wpb-content-wrapper\"><p>[vc_row full_width=&#8220;stretch_row_content_no_spaces&#8220; css=&#8220;.vc_custom_1682517198009{background-image: url(https:\/\/www.avdel-vwsv.ch\/wp-content\/uploads\/2023\/04\/Avdel-banner-1920&#215;400-thematique.jpg?id=477) !important;background-position: center !important;background-repeat: no-repeat !important;background-size: cover !important;}&#8220; el_class=&#8220;page-banner&#8220;][vc_column][\/vc_column][\/vc_row][vc_row css=&#8220;.vc_custom_1681904367598{padding-top: 135px !important;}&#8220; el_class=&#8220;md-pt-100 sm-pt-40&#8243;][vc_column css=&#8220;.vc_custom_1681901935470{padding-top: 0px !important;}&#8220;][vc_custom_heading text=&#8220;Unsere Priorit\u00e4ten&#8220; font_container=&#8220;tag:h1|text_align:left&#8220; use_theme_fonts=&#8220;yes&#8220; css=&#8220;.vc_custom_1682684404347{margin-bottom: 70px !important;}&#8220; el_class=&#8220;sm-mb-55&#8243;][vc_single_image image=&#8220;131&#8243; img_size=&#8220;full&#8220; el_class=&#8220;small-title-icon&#8220;][vc_column_text el_class=&#8220;width-805 sm-mb-0&#8243;]Mit der 2017 verabschiedeten <a href=\"https:\/\/www.uvek.admin.ch\/uvek\/de\/home\/energie\/energiestrategie-2050.html\" target=\"_blank\" rel=\"noopener\">Energiestrategie 2050<\/a> und der <a href=\"https:\/\/www.vs.ch\/de\/web\/energie\/kantonale-energiestrategie\" target=\"_blank\" rel=\"noopener\">kantonalen Strategie 2060<\/a> haben sich die Schweiz und das Wallis verpflichtet<strong>, die Energieeffizienz zu verbessern, erneuerbare Energien zu entwickeln und aus der Kernenergie auszusteigen<\/strong>. Dies bedeutet, dass unser Energiemodell grundlegend umgestaltet werden muss. Die Stromverteiler sollen bei dieser Wende eine zentrale Rolle spielen und dabei die saisonalen und geopolitischen Faktoren, die die Stromversorgung beeinflussen, ber\u00fccksichtigen.<\/p>\n<p>Drei Themen haben f\u00fcr den VWSV derzeit Priorit\u00e4t: Energiewende, Versorgungssicherheit und Cybersicherheit.[\/vc_column_text][\/vc_column][\/vc_row][vc_row][vc_column][vc_empty_space height=&#8220;30px&#8220;][\/vc_column][\/vc_row][vc_row full_width=&#8220;stretch_row&#8220; css=&#8220;.vc_custom_1681833494272{padding-top: 60px !important;padding-bottom: 40px !important;background-color: #e7eff5 !important;}&#8220; el_class=&#8220;sm-pt-25 sm-pb-10&#8243;][vc_column css=&#8220;.vc_custom_1681832453314{padding-top: 0px !important;}&#8220;][vc_row_inner el_class=&#8220;row-gap-76 pb-priorities&#8220;][vc_column_inner width=&#8220;1\/3&#8243;][vc_single_image image=&#8220;415&#8243; img_size=&#8220;422&#215;360&#8243; css=&#8220;.vc_custom_1682417352716{margin-bottom: 30px !important;}&#8220;][vc_custom_heading text=&#8220;Energiewende&#8220; use_theme_fonts=&#8220;yes&#8220;][vc_column_text el_class=&#8220;line-height-28&#8243; css=&#8220;.vc_custom_1682683652198{margin-bottom: 30px !important;}&#8220;]Die Energiewende f\u00f6rdert die schnelle Elektrifizierung von Transport und Heizung, die Entwicklung hin zu einem dezentralisierten Stromsystem, die St\u00e4rkung von Innovationen und die zunehmende Digitalisierung des Stromsektors.[\/vc_column_text][vc_btn title=&#8220;Weiterlesen&#8220; i_align=&#8220;right&#8220; i_type=&#8220;entypo&#8220; i_icon_entypo=&#8220;entypo-icon entypo-icon-right-open&#8220; add_icon=&#8220;true&#8220; link=&#8220;url:https%3A%2F%2Fwww.avdel-vwsv.ch%2Fde%2Fenergiewende%2F&#8220;][\/vc_column_inner][vc_column_inner width=&#8220;1\/3&#8243;][vc_single_image image=&#8220;409&#8243; img_size=&#8220;422&#215;360&#8243; css=&#8220;.vc_custom_1682417358954{margin-bottom: 30px !important;}&#8220;][vc_custom_heading text=&#8220;Versorgungssicherheit&#8220; use_theme_fonts=&#8220;yes&#8220;][vc_column_text el_class=&#8220;line-height-28&#8243; css=&#8220;.vc_custom_1682683960133{margin-bottom: 30px !important;}&#8220;]Der Verbraucher hat die Gewissheit, dass ihm die gew\u00fcnschte Strommenge jederzeit, ohne Unterbrechung, in der erforderlichen Qualit\u00e4t und zu einem angemessenen Preis zur Verf\u00fcgung steht. In der Schweiz sind wir bei der Stromversorgung vom Ausland abh\u00e4ngig, besonders w\u00e4hrend den Wintermonaten.[\/vc_column_text][vc_btn title=&#8220;Weiterlesen&#8220; i_align=&#8220;right&#8220; i_type=&#8220;entypo&#8220; i_icon_entypo=&#8220;entypo-icon entypo-icon-right-open&#8220; add_icon=&#8220;true&#8220; link=&#8220;url:https%3A%2F%2Fwww.avdel-vwsv.ch%2Fde%2Fversorgungssicherheit%2F&#8220;][\/vc_column_inner][vc_column_inner width=&#8220;1\/3&#8243;][vc_single_image image=&#8220;413&#8243; img_size=&#8220;422&#215;360&#8243; css=&#8220;.vc_custom_1682417366154{margin-bottom: 30px !important;}&#8220;][vc_custom_heading text=&#8220;Cybersicherheit&#8220; use_theme_fonts=&#8220;yes&#8220;][vc_column_text el_class=&#8220;line-height-28&#8243; css=&#8220;.vc_custom_1682683796348{margin-bottom: 30px !important;}&#8220;]Die Cybersicherheit hat in den letzten Jahren an Bedeutung gewonnen und spielt eine herausragende Rolle f\u00fcr die Stabilit\u00e4t der Stromversorgung. Selbst im Falle eines Cybervorfalls m\u00fcssen die Netzbetreiber in der Lage sein, Stabilit\u00e4t zu gew\u00e4hrleisten.[\/vc_column_text][vc_btn title=&#8220;Weiterlesen&#8220; i_align=&#8220;right&#8220; i_type=&#8220;entypo&#8220; i_icon_entypo=&#8220;entypo-icon entypo-icon-right-open&#8220; add_icon=&#8220;true&#8220; link=&#8220;url:https%3A%2F%2Fwww.avdel-vwsv.ch%2Fde%2Fcybersicherheit%2F&#8220;][\/vc_column_inner][\/vc_row_inner][\/vc_column][\/vc_row][vc_row][vc_column][vc_empty_space height=&#8220;60px&#8220;][\/vc_column][\/vc_row]<\/p>\n<\/div>","protected":false},"excerpt":{"rendered":"<p>[vc_row full_width=&#8220;stretch_row_content_no_spaces&#8220; css=&#8220;.vc_custom_1682517198009{background-image: url(https:\/\/www.avdel-vwsv.ch\/wp-content\/uploads\/2023\/04\/Avdel-banner-1920&#215;400-thematique.jpg?id=477) !important;background-position: center !important;background-repeat: no-repeat !important;background-size: cover !important;}&#8220; el_class=&#8220;page-banner&#8220;][vc_column][\/vc_column][\/vc_row][vc_row css=&#8220;.vc_custom_1681904367598{padding-top: 135px !important;}&#8220; el_class=&#8220;md-pt-100 sm-pt-40&#8243;][vc_column css=&#8220;.vc_custom_1681901935470{padding-top: 0px !important;}&#8220;][vc_custom_heading text=&#8220;Unsere Priorit\u00e4ten&#8220; font_container=&#8220;tag:h1|text_align:left&#8220; use_theme_fonts=&#8220;yes&#8220; css=&#8220;.vc_custom_1682684404347{margin-bottom: 70px !important;}&#8220; el_class=&#8220;sm-mb-55&#8243;][vc_single_image image=&#8220;131&#8243; img_size=&#8220;full&#8220; el_class=&#8220;small-title-icon&#8220;][vc_column_text el_class=&#8220;width-805 sm-mb-0&#8243;]Mit der 2017 verabschiedeten Energiestrategie 2050 und der kantonalen Strategie 2060 haben sich die Schweiz und das Wallis verpflichtet, die Energieeffizienz zu verbessern, [&hellip;]<\/p>\n","protected":false},"author":1,"featured_media":0,"parent":0,"menu_order":0,"comment_status":"closed","ping_status":"closed","template":"","meta":{"_acf_changed":false,"inline_featured_image":false,"footnotes":""},"class_list":["post-378","page","type-page","status-publish","hentry"],"acf":[],"yoast_head":"<!-- This site is optimized with the Yoast SEO plugin v27.5 - https:\/\/yoast.com\/product\/yoast-seo-wordpress\/ -->\n<title>Themen - Association valaisanne des distributeurs d&#039;\u00e9lectricit\u00e9<\/title>\n<meta name=\"robots\" content=\"index, follow, max-snippet:-1, max-image-preview:large, max-video-preview:-1\" \/>\n<link rel=\"canonical\" href=\"https:\/\/www.avdel-vwsv.ch\/de\/themen\/\" \/>\n<meta property=\"og:locale\" content=\"de_DE\" \/>\n<meta property=\"og:type\" content=\"article\" \/>\n<meta property=\"og:title\" content=\"Themen - Association valaisanne des distributeurs d&#039;\u00e9lectricit\u00e9\" \/>\n<meta property=\"og:description\" content=\"[vc_row full_width=&#8220;stretch_row_content_no_spaces&#8220; css=&#8220;.vc_custom_1682517198009{background-image: url(https:\/\/www.avdel-vwsv.ch\/wp-content\/uploads\/2023\/04\/Avdel-banner-1920&#215;400-thematique.jpg?id=477) !important;background-position: center !important;background-repeat: no-repeat !important;background-size: cover !important;}&#8220; el_class=&#8220;page-banner&#8220;][vc_column][\/vc_column][\/vc_row][vc_row css=&#8220;.vc_custom_1681904367598{padding-top: 135px !important;}&#8220; el_class=&#8220;md-pt-100 sm-pt-40&#8243;][vc_column css=&#8220;.vc_custom_1681901935470{padding-top: 0px !important;}&#8220;][vc_custom_heading text=&#8220;Unsere Priorit\u00e4ten&#8220; font_container=&#8220;tag:h1|text_align:left&#8220; use_theme_fonts=&#8220;yes&#8220; css=&#8220;.vc_custom_1682684404347{margin-bottom: 70px !important;}&#8220; el_class=&#8220;sm-mb-55&#8243;][vc_single_image image=&#8220;131&#8243; img_size=&#8220;full&#8220; el_class=&#8220;small-title-icon&#8220;][vc_column_text el_class=&#8220;width-805 sm-mb-0&#8243;]Mit der 2017 verabschiedeten Energiestrategie 2050 und der kantonalen Strategie 2060 haben sich die Schweiz und das Wallis verpflichtet, die Energieeffizienz zu verbessern, [&hellip;]\" \/>\n<meta property=\"og:url\" content=\"https:\/\/www.avdel-vwsv.ch\/de\/themen\/\" \/>\n<meta property=\"og:site_name\" content=\"Association valaisanne des distributeurs d&#039;\u00e9lectricit\u00e9\" \/>\n<meta property=\"article:modified_time\" content=\"2023-04-28T12:21:49+00:00\" \/>\n<meta name=\"twitter:card\" content=\"summary_large_image\" \/>\n<meta name=\"twitter:label1\" content=\"Gesch\u00e4tzte Lesezeit\" \/>\n\t<meta name=\"twitter:data1\" content=\"2\u00a0Minuten\" \/>\n<script type=\"application\/ld+json\" class=\"yoast-schema-graph\">{\"@context\":\"https:\\\/\\\/schema.org\",\"@graph\":[{\"@type\":\"WebPage\",\"@id\":\"https:\\\/\\\/www.avdel-vwsv.ch\\\/de\\\/themen\\\/\",\"url\":\"https:\\\/\\\/www.avdel-vwsv.ch\\\/de\\\/themen\\\/\",\"name\":\"Themen - Association valaisanne des distributeurs d&#039;\u00e9lectricit\u00e9\",\"isPartOf\":{\"@id\":\"https:\\\/\\\/www.avdel-vwsv.ch\\\/de\\\/#website\"},\"datePublished\":\"2023-04-19T01:56:46+00:00\",\"dateModified\":\"2023-04-28T12:21:49+00:00\",\"breadcrumb\":{\"@id\":\"https:\\\/\\\/www.avdel-vwsv.ch\\\/de\\\/themen\\\/#breadcrumb\"},\"inLanguage\":\"de\",\"potentialAction\":[{\"@type\":\"ReadAction\",\"target\":[\"https:\\\/\\\/www.avdel-vwsv.ch\\\/de\\\/themen\\\/\"]}]},{\"@type\":\"BreadcrumbList\",\"@id\":\"https:\\\/\\\/www.avdel-vwsv.ch\\\/de\\\/themen\\\/#breadcrumb\",\"itemListElement\":[{\"@type\":\"ListItem\",\"position\":1,\"name\":\"Accueil\",\"item\":\"https:\\\/\\\/www.avdel-vwsv.ch\\\/de\\\/\"},{\"@type\":\"ListItem\",\"position\":2,\"name\":\"Themen\"}]},{\"@type\":\"WebSite\",\"@id\":\"https:\\\/\\\/www.avdel-vwsv.ch\\\/de\\\/#website\",\"url\":\"https:\\\/\\\/www.avdel-vwsv.ch\\\/de\\\/\",\"name\":\"Avdel - Association valaisanne des distributeurs d'\u00e9lectricit\u00e9\",\"description\":\"\",\"publisher\":{\"@id\":\"https:\\\/\\\/www.avdel-vwsv.ch\\\/de\\\/#organization\"},\"potentialAction\":[{\"@type\":\"SearchAction\",\"target\":{\"@type\":\"EntryPoint\",\"urlTemplate\":\"https:\\\/\\\/www.avdel-vwsv.ch\\\/de\\\/?s={search_term_string}\"},\"query-input\":{\"@type\":\"PropertyValueSpecification\",\"valueRequired\":true,\"valueName\":\"search_term_string\"}}],\"inLanguage\":\"de\"},{\"@type\":\"Organization\",\"@id\":\"https:\\\/\\\/www.avdel-vwsv.ch\\\/de\\\/#organization\",\"name\":\"Association valaisanne des distributeurs d'\u00e9lectricit\u00e9\",\"url\":\"https:\\\/\\\/www.avdel-vwsv.ch\\\/de\\\/\",\"logo\":{\"@type\":\"ImageObject\",\"inLanguage\":\"de\",\"@id\":\"https:\\\/\\\/www.avdel-vwsv.ch\\\/de\\\/#\\\/schema\\\/logo\\\/image\\\/\",\"url\":\"https:\\\/\\\/www.avdel-vwsv.ch\\\/wp-content\\\/uploads\\\/2023\\\/04\\\/AVDEL-logo-_couleur.svg\",\"contentUrl\":\"https:\\\/\\\/www.avdel-vwsv.ch\\\/wp-content\\\/uploads\\\/2023\\\/04\\\/AVDEL-logo-_couleur.svg\",\"width\":\"2560\",\"height\":\"1440\",\"caption\":\"Association valaisanne des distributeurs d'\u00e9lectricit\u00e9\"},\"image\":{\"@id\":\"https:\\\/\\\/www.avdel-vwsv.ch\\\/de\\\/#\\\/schema\\\/logo\\\/image\\\/\"}}]}<\/script>\n<!-- \/ Yoast SEO plugin. -->","yoast_head_json":{"title":"Themen - Association valaisanne des distributeurs d&#039;\u00e9lectricit\u00e9","robots":{"index":"index","follow":"follow","max-snippet":"max-snippet:-1","max-image-preview":"max-image-preview:large","max-video-preview":"max-video-preview:-1"},"canonical":"https:\/\/www.avdel-vwsv.ch\/de\/themen\/","og_locale":"de_DE","og_type":"article","og_title":"Themen - Association valaisanne des distributeurs d&#039;\u00e9lectricit\u00e9","og_description":"[vc_row full_width=&#8220;stretch_row_content_no_spaces&#8220; css=&#8220;.vc_custom_1682517198009{background-image: url(https:\/\/www.avdel-vwsv.ch\/wp-content\/uploads\/2023\/04\/Avdel-banner-1920&#215;400-thematique.jpg?id=477) !important;background-position: center !important;background-repeat: no-repeat !important;background-size: cover !important;}&#8220; el_class=&#8220;page-banner&#8220;][vc_column][\/vc_column][\/vc_row][vc_row css=&#8220;.vc_custom_1681904367598{padding-top: 135px !important;}&#8220; el_class=&#8220;md-pt-100 sm-pt-40&#8243;][vc_column css=&#8220;.vc_custom_1681901935470{padding-top: 0px !important;}&#8220;][vc_custom_heading text=&#8220;Unsere Priorit\u00e4ten&#8220; font_container=&#8220;tag:h1|text_align:left&#8220; use_theme_fonts=&#8220;yes&#8220; css=&#8220;.vc_custom_1682684404347{margin-bottom: 70px !important;}&#8220; el_class=&#8220;sm-mb-55&#8243;][vc_single_image image=&#8220;131&#8243; img_size=&#8220;full&#8220; el_class=&#8220;small-title-icon&#8220;][vc_column_text el_class=&#8220;width-805 sm-mb-0&#8243;]Mit der 2017 verabschiedeten Energiestrategie 2050 und der kantonalen Strategie 2060 haben sich die Schweiz und das Wallis verpflichtet, die Energieeffizienz zu verbessern, [&hellip;]","og_url":"https:\/\/www.avdel-vwsv.ch\/de\/themen\/","og_site_name":"Association valaisanne des distributeurs d&#039;\u00e9lectricit\u00e9","article_modified_time":"2023-04-28T12:21:49+00:00","twitter_card":"summary_large_image","twitter_misc":{"Gesch\u00e4tzte Lesezeit":"2\u00a0Minuten"},"schema":{"@context":"https:\/\/schema.org","@graph":[{"@type":"WebPage","@id":"https:\/\/www.avdel-vwsv.ch\/de\/themen\/","url":"https:\/\/www.avdel-vwsv.ch\/de\/themen\/","name":"Themen - Association valaisanne des distributeurs d&#039;\u00e9lectricit\u00e9","isPartOf":{"@id":"https:\/\/www.avdel-vwsv.ch\/de\/#website"},"datePublished":"2023-04-19T01:56:46+00:00","dateModified":"2023-04-28T12:21:49+00:00","breadcrumb":{"@id":"https:\/\/www.avdel-vwsv.ch\/de\/themen\/#breadcrumb"},"inLanguage":"de","potentialAction":[{"@type":"ReadAction","target":["https:\/\/www.avdel-vwsv.ch\/de\/themen\/"]}]},{"@type":"BreadcrumbList","@id":"https:\/\/www.avdel-vwsv.ch\/de\/themen\/#breadcrumb","itemListElement":[{"@type":"ListItem","position":1,"name":"Accueil","item":"https:\/\/www.avdel-vwsv.ch\/de\/"},{"@type":"ListItem","position":2,"name":"Themen"}]},{"@type":"WebSite","@id":"https:\/\/www.avdel-vwsv.ch\/de\/#website","url":"https:\/\/www.avdel-vwsv.ch\/de\/","name":"Avdel - Association valaisanne des distributeurs d'\u00e9lectricit\u00e9","description":"","publisher":{"@id":"https:\/\/www.avdel-vwsv.ch\/de\/#organization"},"potentialAction":[{"@type":"SearchAction","target":{"@type":"EntryPoint","urlTemplate":"https:\/\/www.avdel-vwsv.ch\/de\/?s={search_term_string}"},"query-input":{"@type":"PropertyValueSpecification","valueRequired":true,"valueName":"search_term_string"}}],"inLanguage":"de"},{"@type":"Organization","@id":"https:\/\/www.avdel-vwsv.ch\/de\/#organization","name":"Association valaisanne des distributeurs d'\u00e9lectricit\u00e9","url":"https:\/\/www.avdel-vwsv.ch\/de\/","logo":{"@type":"ImageObject","inLanguage":"de","@id":"https:\/\/www.avdel-vwsv.ch\/de\/#\/schema\/logo\/image\/","url":"https:\/\/www.avdel-vwsv.ch\/wp-content\/uploads\/2023\/04\/AVDEL-logo-_couleur.svg","contentUrl":"https:\/\/www.avdel-vwsv.ch\/wp-content\/uploads\/2023\/04\/AVDEL-logo-_couleur.svg","width":"2560","height":"1440","caption":"Association valaisanne des distributeurs d'\u00e9lectricit\u00e9"},"image":{"@id":"https:\/\/www.avdel-vwsv.ch\/de\/#\/schema\/logo\/image\/"}}]}},"_links":{"self":[{"href":"https:\/\/www.avdel-vwsv.ch\/de\/wp-json\/wp\/v2\/pages\/378","targetHints":{"allow":["GET"]}}],"collection":[{"href":"https:\/\/www.avdel-vwsv.ch\/de\/wp-json\/wp\/v2\/pages"}],"about":[{"href":"https:\/\/www.avdel-vwsv.ch\/de\/wp-json\/wp\/v2\/types\/page"}],"author":[{"embeddable":true,"href":"https:\/\/www.avdel-vwsv.ch\/de\/wp-json\/wp\/v2\/users\/1"}],"replies":[{"embeddable":true,"href":"https:\/\/www.avdel-vwsv.ch\/de\/wp-json\/wp\/v2\/comments?post=378"}],"version-history":[{"count":12,"href":"https:\/\/www.avdel-vwsv.ch\/de\/wp-json\/wp\/v2\/pages\/378\/revisions"}],"predecessor-version":[{"id":545,"href":"https:\/\/www.avdel-vwsv.ch\/de\/wp-json\/wp\/v2\/pages\/378\/revisions\/545"}],"wp:attachment":[{"href":"https:\/\/www.avdel-vwsv.ch\/de\/wp-json\/wp\/v2\/media?parent=378"}],"curies":[{"name":"wp","href":"https:\/\/api.w.org\/{rel}","templated":true}]}}