{"id":365,"date":"2023-04-21T15:36:15","date_gmt":"2023-04-21T13:36:15","guid":{"rendered":"https:\/\/www.avdel-vwsv.ch\/portrait\/"},"modified":"2023-04-28T14:23:23","modified_gmt":"2023-04-28T12:23:23","slug":"portraet","status":"publish","type":"page","link":"https:\/\/www.avdel-vwsv.ch\/de\/portraet\/","title":{"rendered":"Portr\u00e4t"},"content":{"rendered":"<div class=\"wpb-content-wrapper\"><p>[vc_row full_width=&#8220;stretch_row_content_no_spaces&#8220; el_class=&#8220;page-banner&#8220; css=&#8220;.vc_custom_1682684598785{background-image: url(https:\/\/www.avdel-vwsv.ch\/wp-content\/uploads\/2023\/04\/Avdel-banner-1920&#215;400-appro.jpg?id=472) !important;background-position: center !important;background-repeat: no-repeat !important;background-size: cover !important;}&#8220;][vc_column][\/vc_column][\/vc_row][vc_row css=&#8220;.vc_custom_1681951371808{padding-top: 135px !important;}&#8220; el_class=&#8220;md-pt-100 sm-pt-40&#8243;][vc_column css=&#8220;.vc_custom_1681911243588{padding-top: 0px !important;}&#8220;][vc_custom_heading text=&#8220;Portr\u00e4t&#8220; font_container=&#8220;tag:h1|text_align:left&#8220; use_theme_fonts=&#8220;yes&#8220;][vc_single_image image=&#8220;131&#8243; img_size=&#8220;full&#8220; el_class=&#8220;small-title-icon&#8220;][\/vc_column][\/vc_row][vc_row css=&#8220;.vc_custom_1681954192454{padding-top: 60px !important;padding-bottom: 140px !important;}&#8220; el_class=&#8220;md-pt-20 md-pb-60 sm-pb-40&#8243;][vc_column width=&#8220;3\/5&#8243; css=&#8220;.vc_custom_1681953268846{padding-right: 40px !important;}&#8220; el_class=&#8220;md-pr-15&#8243;][vc_custom_heading text=&#8220;Netzbetreiber und Akteure der Energiewende&#8220; font_container=&#8220;tag:div|text_align:left|line_height:1&#8243; use_theme_fonts=&#8220;yes&#8220; el_class=&#8220;h2&#8243;][vc_column_text css=&#8220;.vc_custom_1682408252080{margin-bottom: 20px !important;}&#8220;]Der Verband der Walliser Stromverteiler vereint alle in diesem Bereich t\u00e4tigen Einheiten in unserem Kanton. Seine Hauptaufgabe ist die <strong>Verteidigung der Interessen der Branche und ihre Vertretung gegen\u00fcber den Beh\u00f6rden und der \u00d6ffentlichkeit. <\/strong>Er f\u00f6rdert die Umstrukturierung der Stromverteilung und unterst\u00fctzt den Informations- und Erfahrungsaustausch zwischen den Mitgliedern.<\/p>\n<p>Im Wallis verteilt die Branche inklusive Industrie <strong>fast 3 TWh <\/strong>(2,4 TWh ohne Industrie). In der Schweiz liegt der Verbrauch bei rund 60 TWh.[\/vc_column_text][vc_custom_heading text=&#8220;Was ist die Aufgabe eines Stromverteilers?&#8220; font_container=&#8220;tag:div|text_align:left|line_height:1&#8243; use_theme_fonts=&#8220;yes&#8220; el_class=&#8220;h2&#8243;][vc_column_text css=&#8220;.vc_custom_1682408302845{margin-bottom: 20px !important;}&#8220;]Die Aufgabe des Stromverteilers (VNB) besteht darin, <strong>elektrische Energie bis zum Geb\u00e4udeeingang des Endkunden zu bringen. <\/strong>Dies umfasst den Bau, den Betrieb und die Wartung von Netzen, Trafostationen, Verteilk\u00e4sten und Stromz\u00e4hlern. Parallel dazu installiert und betreibt er die Strassenbeleuchtungsanlagen f\u00fcr die Gemeinden.<\/p>\n<p>Neben diesen Aktivit\u00e4ten sind die Stromverteiler Schl\u00fcsselakteure der Energiewende, die die <a href=\"https:\/\/www.uvek.admin.ch\/uvek\/de\/home\/energie\/energiestrategie-2050.html\" target=\"_blank\" rel=\"noopener\">Energiestrategie 2050<\/a> des Bundes und die <a href=\"https:\/\/www.vs.ch\/de\/web\/energie\/kantonale-energiestrategie\" target=\"_blank\" rel=\"noopener\">kantonale Strategie 2060<\/a> begleiten. Sie unterst\u00fctzen den Ausbau der erneuerbaren Energien, der Teil einer umfassenden Modernisierung des Schweizer Stromsystems sein muss, und streben eine Diversifizierung des Portfolios an Energietr\u00e4gern an. Diese Modernisierung der Verteilnetze ist insbesondere eine unabdingbare Voraussetzung, um dem Aufschwung der dezentralen Produktion und der Elektromobilit\u00e4t gerecht zu werden und die Ziele der Bundes- und der kantonalen Strategie zu erreichen.[\/vc_column_text][vc_custom_heading text=&#8220;Energiequalit\u00e4t als Credo&#8220; font_container=&#8220;tag:div|text_align:left|line_height:1&#8243; use_theme_fonts=&#8220;yes&#8220; el_class=&#8220;h2&#8243;][vc_column_text]Der Verteiler steht in direktem Kontakt mit seinen Kundinnen und Kunden, bei denen es sich sowohl um Privatpersonen als auch um private Unternehmen oder Gemeinden handelt. <strong>Er sorgt f\u00fcr die Qualit\u00e4t der Energie, die er weiterverkauft, und verwaltet sein Energieversorgungsportfolio. Dar\u00fcber hinaus verfolgt er aktiv die Entwicklung des gesetzlichen Rahmens und passt seine Aktivit\u00e4ten entsprechend an.<\/strong>[\/vc_column_text][\/vc_column][vc_column width=&#8220;2\/5&#8243; css=&#8220;.vc_custom_1681922216246{background-color: #e7eff5 !important;}&#8220; el_class=&#8220;blue-text-box&#8220;][vc_custom_heading text=&#8220;Unsere Aufgaben:&#8220; font_container=&#8220;tag:div|text_align:left|color:%2319191c&#8220; use_theme_fonts=&#8220;yes&#8220; el_class=&#8220;h2&#8243;][vc_column_text]<\/p>\n<ul>\n<li>Vertretung der Interessen des Sektors gegen\u00fcber Beh\u00f6rden und Institutionen.<\/li>\n<li>Einsatz f\u00fcr eine sichere Stromversorgung.<\/li>\n<li>Begleitung des Energiewandel.<\/li>\n<li>Modernisierung und Ausbau der Netzwerke.<\/li>\n<li>Werbung f\u00fcr die Branche und ihre Kompetenzen.<\/li>\n<li>F\u00f6rderung und Entwicklung der Berufsbildung.<\/li>\n<li>F\u00f6rderung des Informations- und Erfahrungsaustauschs zwischen den deutsch- und franz\u00f6sischsprachigen Mitgliedern.<\/li>\n<\/ul>\n<p>[\/vc_column_text][\/vc_column][\/vc_row]<\/p>\n<\/div>","protected":false},"excerpt":{"rendered":"<p>[vc_row full_width=&#8220;stretch_row_content_no_spaces&#8220; el_class=&#8220;page-banner&#8220; css=&#8220;.vc_custom_1682684598785{background-image: url(https:\/\/www.avdel-vwsv.ch\/wp-content\/uploads\/2023\/04\/Avdel-banner-1920&#215;400-appro.jpg?id=472) !important;background-position: center !important;background-repeat: no-repeat !important;background-size: cover !important;}&#8220;][vc_column][\/vc_column][\/vc_row][vc_row css=&#8220;.vc_custom_1681951371808{padding-top: 135px !important;}&#8220; el_class=&#8220;md-pt-100 sm-pt-40&#8243;][vc_column css=&#8220;.vc_custom_1681911243588{padding-top: 0px !important;}&#8220;][vc_custom_heading text=&#8220;Portr\u00e4t&#8220; font_container=&#8220;tag:h1|text_align:left&#8220; use_theme_fonts=&#8220;yes&#8220;][vc_single_image image=&#8220;131&#8243; img_size=&#8220;full&#8220; el_class=&#8220;small-title-icon&#8220;][\/vc_column][\/vc_row][vc_row css=&#8220;.vc_custom_1681954192454{padding-top: 60px !important;padding-bottom: 140px !important;}&#8220; el_class=&#8220;md-pt-20 md-pb-60 sm-pb-40&#8243;][vc_column width=&#8220;3\/5&#8243; css=&#8220;.vc_custom_1681953268846{padding-right: 40px !important;}&#8220; el_class=&#8220;md-pr-15&#8243;][vc_custom_heading text=&#8220;Netzbetreiber und Akteure der Energiewende&#8220; font_container=&#8220;tag:div|text_align:left|line_height:1&#8243; use_theme_fonts=&#8220;yes&#8220; el_class=&#8220;h2&#8243;][vc_column_text css=&#8220;.vc_custom_1682408252080{margin-bottom: 20px !important;}&#8220;]Der Verband der Walliser Stromverteiler vereint [&hellip;]<\/p>\n","protected":false},"author":1,"featured_media":0,"parent":0,"menu_order":0,"comment_status":"closed","ping_status":"closed","template":"","meta":{"_acf_changed":false,"inline_featured_image":false,"footnotes":""},"class_list":["post-365","page","type-page","status-publish","hentry"],"acf":[],"yoast_head":"<!-- This site is optimized with the Yoast SEO plugin v27.3 - https:\/\/yoast.com\/product\/yoast-seo-wordpress\/ -->\n<title>Portr\u00e4t - Association valaisanne des distributeurs d&#039;\u00e9lectricit\u00e9<\/title>\n<meta name=\"robots\" content=\"index, follow, max-snippet:-1, max-image-preview:large, max-video-preview:-1\" \/>\n<link rel=\"canonical\" href=\"https:\/\/www.avdel-vwsv.ch\/de\/portraet\/\" \/>\n<meta property=\"og:locale\" content=\"de_DE\" \/>\n<meta property=\"og:type\" content=\"article\" \/>\n<meta property=\"og:title\" content=\"Portr\u00e4t - Association valaisanne des distributeurs d&#039;\u00e9lectricit\u00e9\" \/>\n<meta property=\"og:description\" content=\"[vc_row full_width=&#8220;stretch_row_content_no_spaces&#8220; el_class=&#8220;page-banner&#8220; css=&#8220;.vc_custom_1682684598785{background-image: url(https:\/\/www.avdel-vwsv.ch\/wp-content\/uploads\/2023\/04\/Avdel-banner-1920&#215;400-appro.jpg?id=472) !important;background-position: center !important;background-repeat: no-repeat !important;background-size: cover !important;}&#8220;][vc_column][\/vc_column][\/vc_row][vc_row css=&#8220;.vc_custom_1681951371808{padding-top: 135px !important;}&#8220; el_class=&#8220;md-pt-100 sm-pt-40&#8243;][vc_column css=&#8220;.vc_custom_1681911243588{padding-top: 0px !important;}&#8220;][vc_custom_heading text=&#8220;Portr\u00e4t&#8220; font_container=&#8220;tag:h1|text_align:left&#8220; use_theme_fonts=&#8220;yes&#8220;][vc_single_image image=&#8220;131&#8243; img_size=&#8220;full&#8220; el_class=&#8220;small-title-icon&#8220;][\/vc_column][\/vc_row][vc_row css=&#8220;.vc_custom_1681954192454{padding-top: 60px !important;padding-bottom: 140px !important;}&#8220; el_class=&#8220;md-pt-20 md-pb-60 sm-pb-40&#8243;][vc_column width=&#8220;3\/5&#8243; css=&#8220;.vc_custom_1681953268846{padding-right: 40px !important;}&#8220; el_class=&#8220;md-pr-15&#8243;][vc_custom_heading text=&#8220;Netzbetreiber und Akteure der Energiewende&#8220; font_container=&#8220;tag:div|text_align:left|line_height:1&#8243; use_theme_fonts=&#8220;yes&#8220; el_class=&#8220;h2&#8243;][vc_column_text css=&#8220;.vc_custom_1682408252080{margin-bottom: 20px !important;}&#8220;]Der Verband der Walliser Stromverteiler vereint [&hellip;]\" \/>\n<meta property=\"og:url\" content=\"https:\/\/www.avdel-vwsv.ch\/de\/portraet\/\" \/>\n<meta property=\"og:site_name\" content=\"Association valaisanne des distributeurs d&#039;\u00e9lectricit\u00e9\" \/>\n<meta property=\"article:modified_time\" content=\"2023-04-28T12:23:23+00:00\" \/>\n<meta name=\"twitter:card\" content=\"summary_large_image\" \/>\n<meta name=\"twitter:label1\" content=\"Gesch\u00e4tzte Lesezeit\" \/>\n\t<meta name=\"twitter:data1\" content=\"2\u00a0Minuten\" \/>\n<script type=\"application\/ld+json\" class=\"yoast-schema-graph\">{\"@context\":\"https:\\\/\\\/schema.org\",\"@graph\":[{\"@type\":\"WebPage\",\"@id\":\"https:\\\/\\\/www.avdel-vwsv.ch\\\/de\\\/portraet\\\/\",\"url\":\"https:\\\/\\\/www.avdel-vwsv.ch\\\/de\\\/portraet\\\/\",\"name\":\"Portr\u00e4t - Association valaisanne des distributeurs d&#039;\u00e9lectricit\u00e9\",\"isPartOf\":{\"@id\":\"https:\\\/\\\/www.avdel-vwsv.ch\\\/de\\\/#website\"},\"datePublished\":\"2023-04-21T13:36:15+00:00\",\"dateModified\":\"2023-04-28T12:23:23+00:00\",\"breadcrumb\":{\"@id\":\"https:\\\/\\\/www.avdel-vwsv.ch\\\/de\\\/portraet\\\/#breadcrumb\"},\"inLanguage\":\"de\",\"potentialAction\":[{\"@type\":\"ReadAction\",\"target\":[\"https:\\\/\\\/www.avdel-vwsv.ch\\\/de\\\/portraet\\\/\"]}]},{\"@type\":\"BreadcrumbList\",\"@id\":\"https:\\\/\\\/www.avdel-vwsv.ch\\\/de\\\/portraet\\\/#breadcrumb\",\"itemListElement\":[{\"@type\":\"ListItem\",\"position\":1,\"name\":\"Accueil\",\"item\":\"https:\\\/\\\/www.avdel-vwsv.ch\\\/de\\\/\"},{\"@type\":\"ListItem\",\"position\":2,\"name\":\"Portr\u00e4t\"}]},{\"@type\":\"WebSite\",\"@id\":\"https:\\\/\\\/www.avdel-vwsv.ch\\\/de\\\/#website\",\"url\":\"https:\\\/\\\/www.avdel-vwsv.ch\\\/de\\\/\",\"name\":\"Avdel - Association valaisanne des distributeurs d'\u00e9lectricit\u00e9\",\"description\":\"\",\"publisher\":{\"@id\":\"https:\\\/\\\/www.avdel-vwsv.ch\\\/de\\\/#organization\"},\"potentialAction\":[{\"@type\":\"SearchAction\",\"target\":{\"@type\":\"EntryPoint\",\"urlTemplate\":\"https:\\\/\\\/www.avdel-vwsv.ch\\\/de\\\/?s={search_term_string}\"},\"query-input\":{\"@type\":\"PropertyValueSpecification\",\"valueRequired\":true,\"valueName\":\"search_term_string\"}}],\"inLanguage\":\"de\"},{\"@type\":\"Organization\",\"@id\":\"https:\\\/\\\/www.avdel-vwsv.ch\\\/de\\\/#organization\",\"name\":\"Association valaisanne des distributeurs d'\u00e9lectricit\u00e9\",\"url\":\"https:\\\/\\\/www.avdel-vwsv.ch\\\/de\\\/\",\"logo\":{\"@type\":\"ImageObject\",\"inLanguage\":\"de\",\"@id\":\"https:\\\/\\\/www.avdel-vwsv.ch\\\/de\\\/#\\\/schema\\\/logo\\\/image\\\/\",\"url\":\"https:\\\/\\\/www.avdel-vwsv.ch\\\/wp-content\\\/uploads\\\/2023\\\/04\\\/AVDEL-logo-_couleur.svg\",\"contentUrl\":\"https:\\\/\\\/www.avdel-vwsv.ch\\\/wp-content\\\/uploads\\\/2023\\\/04\\\/AVDEL-logo-_couleur.svg\",\"width\":\"2560\",\"height\":\"1440\",\"caption\":\"Association valaisanne des distributeurs d'\u00e9lectricit\u00e9\"},\"image\":{\"@id\":\"https:\\\/\\\/www.avdel-vwsv.ch\\\/de\\\/#\\\/schema\\\/logo\\\/image\\\/\"}}]}<\/script>\n<!-- \/ Yoast SEO plugin. -->","yoast_head_json":{"title":"Portr\u00e4t - Association valaisanne des distributeurs d&#039;\u00e9lectricit\u00e9","robots":{"index":"index","follow":"follow","max-snippet":"max-snippet:-1","max-image-preview":"max-image-preview:large","max-video-preview":"max-video-preview:-1"},"canonical":"https:\/\/www.avdel-vwsv.ch\/de\/portraet\/","og_locale":"de_DE","og_type":"article","og_title":"Portr\u00e4t - Association valaisanne des distributeurs d&#039;\u00e9lectricit\u00e9","og_description":"[vc_row full_width=&#8220;stretch_row_content_no_spaces&#8220; el_class=&#8220;page-banner&#8220; css=&#8220;.vc_custom_1682684598785{background-image: url(https:\/\/www.avdel-vwsv.ch\/wp-content\/uploads\/2023\/04\/Avdel-banner-1920&#215;400-appro.jpg?id=472) !important;background-position: center !important;background-repeat: no-repeat !important;background-size: cover !important;}&#8220;][vc_column][\/vc_column][\/vc_row][vc_row css=&#8220;.vc_custom_1681951371808{padding-top: 135px !important;}&#8220; el_class=&#8220;md-pt-100 sm-pt-40&#8243;][vc_column css=&#8220;.vc_custom_1681911243588{padding-top: 0px !important;}&#8220;][vc_custom_heading text=&#8220;Portr\u00e4t&#8220; font_container=&#8220;tag:h1|text_align:left&#8220; use_theme_fonts=&#8220;yes&#8220;][vc_single_image image=&#8220;131&#8243; img_size=&#8220;full&#8220; el_class=&#8220;small-title-icon&#8220;][\/vc_column][\/vc_row][vc_row css=&#8220;.vc_custom_1681954192454{padding-top: 60px !important;padding-bottom: 140px !important;}&#8220; el_class=&#8220;md-pt-20 md-pb-60 sm-pb-40&#8243;][vc_column width=&#8220;3\/5&#8243; css=&#8220;.vc_custom_1681953268846{padding-right: 40px !important;}&#8220; el_class=&#8220;md-pr-15&#8243;][vc_custom_heading text=&#8220;Netzbetreiber und Akteure der Energiewende&#8220; font_container=&#8220;tag:div|text_align:left|line_height:1&#8243; use_theme_fonts=&#8220;yes&#8220; el_class=&#8220;h2&#8243;][vc_column_text css=&#8220;.vc_custom_1682408252080{margin-bottom: 20px !important;}&#8220;]Der Verband der Walliser Stromverteiler vereint [&hellip;]","og_url":"https:\/\/www.avdel-vwsv.ch\/de\/portraet\/","og_site_name":"Association valaisanne des distributeurs d&#039;\u00e9lectricit\u00e9","article_modified_time":"2023-04-28T12:23:23+00:00","twitter_card":"summary_large_image","twitter_misc":{"Gesch\u00e4tzte Lesezeit":"2\u00a0Minuten"},"schema":{"@context":"https:\/\/schema.org","@graph":[{"@type":"WebPage","@id":"https:\/\/www.avdel-vwsv.ch\/de\/portraet\/","url":"https:\/\/www.avdel-vwsv.ch\/de\/portraet\/","name":"Portr\u00e4t - Association valaisanne des distributeurs d&#039;\u00e9lectricit\u00e9","isPartOf":{"@id":"https:\/\/www.avdel-vwsv.ch\/de\/#website"},"datePublished":"2023-04-21T13:36:15+00:00","dateModified":"2023-04-28T12:23:23+00:00","breadcrumb":{"@id":"https:\/\/www.avdel-vwsv.ch\/de\/portraet\/#breadcrumb"},"inLanguage":"de","potentialAction":[{"@type":"ReadAction","target":["https:\/\/www.avdel-vwsv.ch\/de\/portraet\/"]}]},{"@type":"BreadcrumbList","@id":"https:\/\/www.avdel-vwsv.ch\/de\/portraet\/#breadcrumb","itemListElement":[{"@type":"ListItem","position":1,"name":"Accueil","item":"https:\/\/www.avdel-vwsv.ch\/de\/"},{"@type":"ListItem","position":2,"name":"Portr\u00e4t"}]},{"@type":"WebSite","@id":"https:\/\/www.avdel-vwsv.ch\/de\/#website","url":"https:\/\/www.avdel-vwsv.ch\/de\/","name":"Avdel - Association valaisanne des distributeurs d'\u00e9lectricit\u00e9","description":"","publisher":{"@id":"https:\/\/www.avdel-vwsv.ch\/de\/#organization"},"potentialAction":[{"@type":"SearchAction","target":{"@type":"EntryPoint","urlTemplate":"https:\/\/www.avdel-vwsv.ch\/de\/?s={search_term_string}"},"query-input":{"@type":"PropertyValueSpecification","valueRequired":true,"valueName":"search_term_string"}}],"inLanguage":"de"},{"@type":"Organization","@id":"https:\/\/www.avdel-vwsv.ch\/de\/#organization","name":"Association valaisanne des distributeurs d'\u00e9lectricit\u00e9","url":"https:\/\/www.avdel-vwsv.ch\/de\/","logo":{"@type":"ImageObject","inLanguage":"de","@id":"https:\/\/www.avdel-vwsv.ch\/de\/#\/schema\/logo\/image\/","url":"https:\/\/www.avdel-vwsv.ch\/wp-content\/uploads\/2023\/04\/AVDEL-logo-_couleur.svg","contentUrl":"https:\/\/www.avdel-vwsv.ch\/wp-content\/uploads\/2023\/04\/AVDEL-logo-_couleur.svg","width":"2560","height":"1440","caption":"Association valaisanne des distributeurs d'\u00e9lectricit\u00e9"},"image":{"@id":"https:\/\/www.avdel-vwsv.ch\/de\/#\/schema\/logo\/image\/"}}]}},"_links":{"self":[{"href":"https:\/\/www.avdel-vwsv.ch\/de\/wp-json\/wp\/v2\/pages\/365","targetHints":{"allow":["GET"]}}],"collection":[{"href":"https:\/\/www.avdel-vwsv.ch\/de\/wp-json\/wp\/v2\/pages"}],"about":[{"href":"https:\/\/www.avdel-vwsv.ch\/de\/wp-json\/wp\/v2\/types\/page"}],"author":[{"embeddable":true,"href":"https:\/\/www.avdel-vwsv.ch\/de\/wp-json\/wp\/v2\/users\/1"}],"replies":[{"embeddable":true,"href":"https:\/\/www.avdel-vwsv.ch\/de\/wp-json\/wp\/v2\/comments?post=365"}],"version-history":[{"count":5,"href":"https:\/\/www.avdel-vwsv.ch\/de\/wp-json\/wp\/v2\/pages\/365\/revisions"}],"predecessor-version":[{"id":549,"href":"https:\/\/www.avdel-vwsv.ch\/de\/wp-json\/wp\/v2\/pages\/365\/revisions\/549"}],"wp:attachment":[{"href":"https:\/\/www.avdel-vwsv.ch\/de\/wp-json\/wp\/v2\/media?parent=365"}],"curies":[{"name":"wp","href":"https:\/\/api.w.org\/{rel}","templated":true}]}}