{"id":360,"date":"2023-04-11T11:50:01","date_gmt":"2023-04-11T09:50:01","guid":{"rendered":"https:\/\/www.avdel-vwsv.ch\/accueil\/"},"modified":"2023-04-28T14:15:55","modified_gmt":"2023-04-28T12:15:55","slug":"accueil","status":"publish","type":"page","link":"https:\/\/www.avdel-vwsv.ch\/de\/","title":{"rendered":"Homepage"},"content":{"rendered":"<div class=\"wpb-content-wrapper\"><p>[vc_row full_width=&#8220;stretch_row_content_no_spaces&#8220; el_class=&#8220;banner-image&#8220;][vc_column][vc_single_image image=&#8220;456&#8243; img_size=&#8220;full&#8220; el_class=&#8220;img-fw&#8220;][\/vc_column][\/vc_row][vc_row css=&#8220;.vc_custom_1681831393844{padding-top: 140px !important;padding-bottom: 40px !important;}&#8220; el_class=&#8220;row-56-44 md-pt-60 sm-pt-10 sm-pb-5&#8243;][vc_column width=&#8220;1\/2&#8243;][vc_custom_heading text=&#8220;Verband der Walliser Stromverteiler&#8220; font_container=&#8220;tag:h1|text_align:left&#8220; use_theme_fonts=&#8220;yes&#8220; css=&#8220;.vc_custom_1682682933492{margin-top: -15px !important;}&#8220;][vc_custom_heading text=&#8220;F\u00fcr eine sichere Stromversorgung&#8220; font_container=&#8220;tag:div|text_align:left&#8220; use_theme_fonts=&#8220;yes&#8220; el_class=&#8220;sub-title&#8220;][vc_single_image image=&#8220;64&#8243; img_size=&#8220;full&#8220; el_class=&#8220;title-icon&#8220;][\/vc_column][vc_column width=&#8220;1\/2&#8243; el_class=&#8220;sm-mt-25&#8243;][vc_column_text el_class=&#8220;introduction-text sm-mb-18&#8243; css=&#8220;.vc_custom_1682682965484{margin-bottom: 28px !important;}&#8220;]Wussten Sie, dass das Stromverteilungsnetz in der Schweiz etwa 250\u2018000 km lang ist, was dem sechsfachen Erdumfang entspricht?[\/vc_column_text][vc_column_text el_class=&#8220;line-height-28 sm-mb-0&#8243;]Der Verband der Walliser Stromverteiler (VWSV) vereint alle Betreiber dieser Stromnetze, die im <strong>Wallis t\u00e4tig sind. <\/strong>Er setzt sich f\u00fcr <strong>eine sichere Stromversorgung <\/strong>und g\u00fcnstige Rahmenbedingungen f\u00fcr die Walliser Elektrizit\u00e4tsunternehmen ein. Er z\u00e4hlt rund 30 Mitglieder, die mehr als 900 Personen und 70 Auszubildende besch\u00e4ftigen.[\/vc_column_text][vc_btn title=&#8220;Liste der Mitglieder&#8220; link=&#8220;url:https%3A%2F%2Fwww.avdel-vwsv.ch%2Fde%2Funsere-mitglieder-und-partner%2F&#8220; css=&#8220;.vc_custom_1682683185108{margin-top: 15px !important;}&#8220;][\/vc_column][\/vc_row][vc_row full_width=&#8220;stretch_row&#8220; css=&#8220;.vc_custom_1682684139183{padding-top: 60px !important;padding-bottom: 40px !important;background-color: #e7eff5 !important;}&#8220; el_class=&#8220;sm-pt-25 sm-pb-10&#8243;][vc_column css=&#8220;.vc_custom_1681832453314{padding-top: 0px !important;}&#8220;][vc_custom_heading text=&#8220;Unsere Priorit\u00e4ten&#8220; font_container=&#8220;tag:h1|text_align:left&#8220; use_theme_fonts=&#8220;yes&#8220; css=&#8220;.vc_custom_1682683214206{margin-bottom: 60px !important;}&#8220; el_class=&#8220;sm-mb-15&#8243;][vc_row_inner el_class=&#8220;row-gap-76 pb-priorities&#8220;][vc_column_inner width=&#8220;1\/3&#8243;][vc_single_image image=&#8220;415&#8243; img_size=&#8220;422&#215;360&#8243; css=&#8220;.vc_custom_1682417352716{margin-bottom: 30px !important;}&#8220;][vc_custom_heading text=&#8220;Energiewende&#8220; use_theme_fonts=&#8220;yes&#8220;][vc_column_text el_class=&#8220;line-height-28&#8243; css=&#8220;.vc_custom_1682683652198{margin-bottom: 30px !important;}&#8220;]Die Energiewende f\u00f6rdert die schnelle Elektrifizierung von Transport und Heizung, die Entwicklung hin zu einem dezentralisierten Stromsystem, die St\u00e4rkung von Innovationen und die zunehmende Digitalisierung des Stromsektors.[\/vc_column_text][vc_btn title=&#8220;Weiterlesen&#8220; i_align=&#8220;right&#8220; i_type=&#8220;entypo&#8220; i_icon_entypo=&#8220;entypo-icon entypo-icon-right-open&#8220; add_icon=&#8220;true&#8220; link=&#8220;url:https%3A%2F%2Fwww.avdel-vwsv.ch%2Fde%2Fenergiewende%2F&#8220;][\/vc_column_inner][vc_column_inner width=&#8220;1\/3&#8243;][vc_single_image image=&#8220;409&#8243; img_size=&#8220;422&#215;360&#8243; css=&#8220;.vc_custom_1682417358954{margin-bottom: 30px !important;}&#8220;][vc_custom_heading text=&#8220;Versorgungssicherheit&#8220; use_theme_fonts=&#8220;yes&#8220;][vc_column_text el_class=&#8220;line-height-28&#8243; css=&#8220;.vc_custom_1682683960133{margin-bottom: 30px !important;}&#8220;]Der Verbraucher hat die Gewissheit, dass ihm die gew\u00fcnschte Strommenge jederzeit, ohne Unterbrechung, in der erforderlichen Qualit\u00e4t und zu einem angemessenen Preis zur Verf\u00fcgung steht. In der Schweiz sind wir bei der Stromversorgung vom Ausland abh\u00e4ngig, besonders w\u00e4hrend den Wintermonaten.[\/vc_column_text][vc_btn title=&#8220;Weiterlesen&#8220; i_align=&#8220;right&#8220; i_type=&#8220;entypo&#8220; i_icon_entypo=&#8220;entypo-icon entypo-icon-right-open&#8220; add_icon=&#8220;true&#8220; link=&#8220;url:https%3A%2F%2Fwww.avdel-vwsv.ch%2Fde%2Fversorgungssicherheit%2F&#8220;][\/vc_column_inner][vc_column_inner width=&#8220;1\/3&#8243;][vc_single_image image=&#8220;413&#8243; img_size=&#8220;422&#215;360&#8243; css=&#8220;.vc_custom_1682417366154{margin-bottom: 30px !important;}&#8220;][vc_custom_heading text=&#8220;Cybersicherheit&#8220; use_theme_fonts=&#8220;yes&#8220;][vc_column_text el_class=&#8220;line-height-28&#8243; css=&#8220;.vc_custom_1682683796348{margin-bottom: 30px !important;}&#8220;]Die Cybersicherheit hat in den letzten Jahren an Bedeutung gewonnen und spielt eine herausragende Rolle f\u00fcr die Stabilit\u00e4t der Stromversorgung. Selbst im Falle eines Cybervorfalls m\u00fcssen die Netzbetreiber in der Lage sein, Stabilit\u00e4t zu gew\u00e4hrleisten.[\/vc_column_text][vc_btn title=&#8220;Weiterlesen&#8220; i_align=&#8220;right&#8220; i_type=&#8220;entypo&#8220; i_icon_entypo=&#8220;entypo-icon entypo-icon-right-open&#8220; add_icon=&#8220;true&#8220; link=&#8220;url:https%3A%2F%2Fwww.avdel-vwsv.ch%2Fde%2Fcybersicherheit%2F&#8220;][\/vc_column_inner][\/vc_row_inner][\/vc_column][\/vc_row][vc_row][vc_column css=&#8220;.vc_custom_1681807533529{padding-top: 0px !important;}&#8220;]    <div class=\"pb-last-post\">\n        <h1>AKTUELLE NACHRICHTEN<\/h1>\n                <div class=\"item\">\n            <div class=\"thumb\">\n                <h2 class=\"pb-mobile\"><a href=\"https:\/\/www.avdel-vwsv.ch\/de\/gv-2026-neue-modelle-tarifperspektiven-und-ein-neuer-praesident\/\">GV 2026 : Neue Modelle, Tarifperspektiven und ein neuer Pr\u00e4sident<\/a><\/h2>\n                                <a href=\"https:\/\/www.avdel-vwsv.ch\/de\/gv-2026-neue-modelle-tarifperspektiven-und-ein-neuer-praesident\/\">\n                <img loading=\"lazy\" decoding=\"async\" width=\"1890\" height=\"1087\" src=\"https:\/\/www.avdel-vwsv.ch\/wp-content\/uploads\/2023\/04\/AVDEL-logo-couleur.png\" class=\"attachment-post-thumbnail size-post-thumbnail wp-post-image\" alt=\"logo AVDEL\" srcset=\"https:\/\/www.avdel-vwsv.ch\/wp-content\/uploads\/2023\/04\/AVDEL-logo-couleur.png 1890w, https:\/\/www.avdel-vwsv.ch\/wp-content\/uploads\/2023\/04\/AVDEL-logo-couleur-300x173.png 300w, https:\/\/www.avdel-vwsv.ch\/wp-content\/uploads\/2023\/04\/AVDEL-logo-couleur-768x442.png 768w, https:\/\/www.avdel-vwsv.ch\/wp-content\/uploads\/2023\/04\/AVDEL-logo-couleur-1536x883.png 1536w\" sizes=\"auto, (max-width: 1890px) 100vw, 1890px\" \/>                <\/a>\n                            <\/div>\n            <div class=\"info-text\">\n                <h2 class=\"pb-desktop\"><a href=\"https:\/\/www.avdel-vwsv.ch\/de\/gv-2026-neue-modelle-tarifperspektiven-und-ein-neuer-praesident\/\">GV 2026 : Neue Modelle, Tarifperspektiven und ein neuer Pr\u00e4sident<\/a><\/h2>\n                <div class=\"date\">30.04.2026<\/div>\n                                <div class=\"desc\">\n                    Anl\u00e4sslich ihrer Generalversammlung stellt der Verband der Walliser Stromverteiler (VWSV) fest, dass sich die Branche in einer Phase tiefgreifender Transformation befindet. Die Anpassung der Stromnetze, die zunehmende Integration erneuerbarer Energien, die Diskussionen \u00fcber ein                <\/div>\n                                <a href=\"https:\/\/www.avdel-vwsv.ch\/de\/gv-2026-neue-modelle-tarifperspektiven-und-ein-neuer-praesident\/\" class=\"btn-style pb-desktop\">Weiterlesen <i class=\"far fa-angle-right\"><\/i><\/a>\n            <\/div>\n        <\/div>\n            <\/div>\n[\/vc_column][\/vc_row]<\/p>\n<\/div>","protected":false},"excerpt":{"rendered":"<p>[vc_row full_width=&#8220;stretch_row_content_no_spaces&#8220; el_class=&#8220;banner-image&#8220;][vc_column][vc_single_image image=&#8220;456&#8243; img_size=&#8220;full&#8220; el_class=&#8220;img-fw&#8220;][\/vc_column][\/vc_row][vc_row css=&#8220;.vc_custom_1681831393844{padding-top: 140px !important;padding-bottom: 40px !important;}&#8220; el_class=&#8220;row-56-44 md-pt-60 sm-pt-10 sm-pb-5&#8243;][vc_column width=&#8220;1\/2&#8243;][vc_custom_heading text=&#8220;Verband der Walliser Stromverteiler&#8220; font_container=&#8220;tag:h1|text_align:left&#8220; use_theme_fonts=&#8220;yes&#8220; css=&#8220;.vc_custom_1682682933492{margin-top: -15px !important;}&#8220;][vc_custom_heading text=&#8220;F\u00fcr eine sichere Stromversorgung&#8220; font_container=&#8220;tag:div|text_align:left&#8220; use_theme_fonts=&#8220;yes&#8220; el_class=&#8220;sub-title&#8220;][vc_single_image image=&#8220;64&#8243; img_size=&#8220;full&#8220; el_class=&#8220;title-icon&#8220;][\/vc_column][vc_column width=&#8220;1\/2&#8243; el_class=&#8220;sm-mt-25&#8243;][vc_column_text el_class=&#8220;introduction-text sm-mb-18&#8243; css=&#8220;.vc_custom_1682682965484{margin-bottom: 28px !important;}&#8220;]Wussten Sie, dass das Stromverteilungsnetz in der Schweiz etwa 250\u2018000 km lang ist, was [&hellip;]<\/p>\n","protected":false},"author":1,"featured_media":0,"parent":0,"menu_order":0,"comment_status":"closed","ping_status":"closed","template":"","meta":{"_acf_changed":false,"inline_featured_image":false,"footnotes":""},"class_list":["post-360","page","type-page","status-publish","hentry"],"acf":[],"yoast_head":"<!-- This site is optimized with the Yoast SEO plugin v27.5 - https:\/\/yoast.com\/product\/yoast-seo-wordpress\/ -->\n<title>Homepage - Association valaisanne des distributeurs d&#039;\u00e9lectricit\u00e9<\/title>\n<meta name=\"robots\" content=\"index, follow, max-snippet:-1, max-image-preview:large, max-video-preview:-1\" \/>\n<link rel=\"canonical\" href=\"https:\/\/www.avdel-vwsv.ch\/de\/\" \/>\n<meta property=\"og:locale\" content=\"de_DE\" \/>\n<meta property=\"og:type\" content=\"article\" \/>\n<meta property=\"og:title\" content=\"Homepage - Association valaisanne des distributeurs d&#039;\u00e9lectricit\u00e9\" \/>\n<meta property=\"og:description\" content=\"[vc_row full_width=&#8220;stretch_row_content_no_spaces&#8220; el_class=&#8220;banner-image&#8220;][vc_column][vc_single_image image=&#8220;456&#8243; img_size=&#8220;full&#8220; el_class=&#8220;img-fw&#8220;][\/vc_column][\/vc_row][vc_row css=&#8220;.vc_custom_1681831393844{padding-top: 140px !important;padding-bottom: 40px !important;}&#8220; el_class=&#8220;row-56-44 md-pt-60 sm-pt-10 sm-pb-5&#8243;][vc_column width=&#8220;1\/2&#8243;][vc_custom_heading text=&#8220;Verband der Walliser Stromverteiler&#8220; font_container=&#8220;tag:h1|text_align:left&#8220; use_theme_fonts=&#8220;yes&#8220; css=&#8220;.vc_custom_1682682933492{margin-top: -15px !important;}&#8220;][vc_custom_heading text=&#8220;F\u00fcr eine sichere Stromversorgung&#8220; font_container=&#8220;tag:div|text_align:left&#8220; use_theme_fonts=&#8220;yes&#8220; el_class=&#8220;sub-title&#8220;][vc_single_image image=&#8220;64&#8243; img_size=&#8220;full&#8220; el_class=&#8220;title-icon&#8220;][\/vc_column][vc_column width=&#8220;1\/2&#8243; el_class=&#8220;sm-mt-25&#8243;][vc_column_text el_class=&#8220;introduction-text sm-mb-18&#8243; css=&#8220;.vc_custom_1682682965484{margin-bottom: 28px !important;}&#8220;]Wussten Sie, dass das Stromverteilungsnetz in der Schweiz etwa 250\u2018000 km lang ist, was [&hellip;]\" \/>\n<meta property=\"og:url\" content=\"https:\/\/www.avdel-vwsv.ch\/de\/\" \/>\n<meta property=\"og:site_name\" content=\"Association valaisanne des distributeurs d&#039;\u00e9lectricit\u00e9\" \/>\n<meta property=\"article:modified_time\" content=\"2023-04-28T12:15:55+00:00\" \/>\n<meta name=\"twitter:card\" content=\"summary_large_image\" \/>\n<meta name=\"twitter:label1\" content=\"Gesch\u00e4tzte Lesezeit\" \/>\n\t<meta name=\"twitter:data1\" content=\"2\u00a0Minuten\" \/>\n<script type=\"application\/ld+json\" class=\"yoast-schema-graph\">{\"@context\":\"https:\\\/\\\/schema.org\",\"@graph\":[{\"@type\":\"WebPage\",\"@id\":\"https:\\\/\\\/www.avdel-vwsv.ch\\\/de\\\/\",\"url\":\"https:\\\/\\\/www.avdel-vwsv.ch\\\/de\\\/\",\"name\":\"Homepage - Association valaisanne des distributeurs d&#039;\u00e9lectricit\u00e9\",\"isPartOf\":{\"@id\":\"https:\\\/\\\/www.avdel-vwsv.ch\\\/de\\\/#website\"},\"datePublished\":\"2023-04-11T09:50:01+00:00\",\"dateModified\":\"2023-04-28T12:15:55+00:00\",\"breadcrumb\":{\"@id\":\"https:\\\/\\\/www.avdel-vwsv.ch\\\/de\\\/#breadcrumb\"},\"inLanguage\":\"de\",\"potentialAction\":[{\"@type\":\"ReadAction\",\"target\":[\"https:\\\/\\\/www.avdel-vwsv.ch\\\/de\\\/\"]}]},{\"@type\":\"BreadcrumbList\",\"@id\":\"https:\\\/\\\/www.avdel-vwsv.ch\\\/de\\\/#breadcrumb\",\"itemListElement\":[{\"@type\":\"ListItem\",\"position\":1,\"name\":\"Accueil\",\"item\":\"https:\\\/\\\/www.avdel-vwsv.ch\\\/de\\\/\"},{\"@type\":\"ListItem\",\"position\":2,\"name\":\"Homepage\"}]},{\"@type\":\"WebSite\",\"@id\":\"https:\\\/\\\/www.avdel-vwsv.ch\\\/de\\\/#website\",\"url\":\"https:\\\/\\\/www.avdel-vwsv.ch\\\/de\\\/\",\"name\":\"Avdel - Association valaisanne des distributeurs d'\u00e9lectricit\u00e9\",\"description\":\"\",\"publisher\":{\"@id\":\"https:\\\/\\\/www.avdel-vwsv.ch\\\/de\\\/#organization\"},\"potentialAction\":[{\"@type\":\"SearchAction\",\"target\":{\"@type\":\"EntryPoint\",\"urlTemplate\":\"https:\\\/\\\/www.avdel-vwsv.ch\\\/de\\\/?s={search_term_string}\"},\"query-input\":{\"@type\":\"PropertyValueSpecification\",\"valueRequired\":true,\"valueName\":\"search_term_string\"}}],\"inLanguage\":\"de\"},{\"@type\":\"Organization\",\"@id\":\"https:\\\/\\\/www.avdel-vwsv.ch\\\/de\\\/#organization\",\"name\":\"Association valaisanne des distributeurs d'\u00e9lectricit\u00e9\",\"url\":\"https:\\\/\\\/www.avdel-vwsv.ch\\\/de\\\/\",\"logo\":{\"@type\":\"ImageObject\",\"inLanguage\":\"de\",\"@id\":\"https:\\\/\\\/www.avdel-vwsv.ch\\\/de\\\/#\\\/schema\\\/logo\\\/image\\\/\",\"url\":\"https:\\\/\\\/www.avdel-vwsv.ch\\\/wp-content\\\/uploads\\\/2023\\\/04\\\/AVDEL-logo-_couleur.svg\",\"contentUrl\":\"https:\\\/\\\/www.avdel-vwsv.ch\\\/wp-content\\\/uploads\\\/2023\\\/04\\\/AVDEL-logo-_couleur.svg\",\"width\":\"2560\",\"height\":\"1440\",\"caption\":\"Association valaisanne des distributeurs d'\u00e9lectricit\u00e9\"},\"image\":{\"@id\":\"https:\\\/\\\/www.avdel-vwsv.ch\\\/de\\\/#\\\/schema\\\/logo\\\/image\\\/\"}}]}<\/script>\n<!-- \/ Yoast SEO plugin. -->","yoast_head_json":{"title":"Homepage - Association valaisanne des distributeurs d&#039;\u00e9lectricit\u00e9","robots":{"index":"index","follow":"follow","max-snippet":"max-snippet:-1","max-image-preview":"max-image-preview:large","max-video-preview":"max-video-preview:-1"},"canonical":"https:\/\/www.avdel-vwsv.ch\/de\/","og_locale":"de_DE","og_type":"article","og_title":"Homepage - Association valaisanne des distributeurs d&#039;\u00e9lectricit\u00e9","og_description":"[vc_row full_width=&#8220;stretch_row_content_no_spaces&#8220; el_class=&#8220;banner-image&#8220;][vc_column][vc_single_image image=&#8220;456&#8243; img_size=&#8220;full&#8220; el_class=&#8220;img-fw&#8220;][\/vc_column][\/vc_row][vc_row css=&#8220;.vc_custom_1681831393844{padding-top: 140px !important;padding-bottom: 40px !important;}&#8220; el_class=&#8220;row-56-44 md-pt-60 sm-pt-10 sm-pb-5&#8243;][vc_column width=&#8220;1\/2&#8243;][vc_custom_heading text=&#8220;Verband der Walliser Stromverteiler&#8220; font_container=&#8220;tag:h1|text_align:left&#8220; use_theme_fonts=&#8220;yes&#8220; css=&#8220;.vc_custom_1682682933492{margin-top: -15px !important;}&#8220;][vc_custom_heading text=&#8220;F\u00fcr eine sichere Stromversorgung&#8220; font_container=&#8220;tag:div|text_align:left&#8220; use_theme_fonts=&#8220;yes&#8220; el_class=&#8220;sub-title&#8220;][vc_single_image image=&#8220;64&#8243; img_size=&#8220;full&#8220; el_class=&#8220;title-icon&#8220;][\/vc_column][vc_column width=&#8220;1\/2&#8243; el_class=&#8220;sm-mt-25&#8243;][vc_column_text el_class=&#8220;introduction-text sm-mb-18&#8243; css=&#8220;.vc_custom_1682682965484{margin-bottom: 28px !important;}&#8220;]Wussten Sie, dass das Stromverteilungsnetz in der Schweiz etwa 250\u2018000 km lang ist, was [&hellip;]","og_url":"https:\/\/www.avdel-vwsv.ch\/de\/","og_site_name":"Association valaisanne des distributeurs d&#039;\u00e9lectricit\u00e9","article_modified_time":"2023-04-28T12:15:55+00:00","twitter_card":"summary_large_image","twitter_misc":{"Gesch\u00e4tzte Lesezeit":"2\u00a0Minuten"},"schema":{"@context":"https:\/\/schema.org","@graph":[{"@type":"WebPage","@id":"https:\/\/www.avdel-vwsv.ch\/de\/","url":"https:\/\/www.avdel-vwsv.ch\/de\/","name":"Homepage - Association valaisanne des distributeurs d&#039;\u00e9lectricit\u00e9","isPartOf":{"@id":"https:\/\/www.avdel-vwsv.ch\/de\/#website"},"datePublished":"2023-04-11T09:50:01+00:00","dateModified":"2023-04-28T12:15:55+00:00","breadcrumb":{"@id":"https:\/\/www.avdel-vwsv.ch\/de\/#breadcrumb"},"inLanguage":"de","potentialAction":[{"@type":"ReadAction","target":["https:\/\/www.avdel-vwsv.ch\/de\/"]}]},{"@type":"BreadcrumbList","@id":"https:\/\/www.avdel-vwsv.ch\/de\/#breadcrumb","itemListElement":[{"@type":"ListItem","position":1,"name":"Accueil","item":"https:\/\/www.avdel-vwsv.ch\/de\/"},{"@type":"ListItem","position":2,"name":"Homepage"}]},{"@type":"WebSite","@id":"https:\/\/www.avdel-vwsv.ch\/de\/#website","url":"https:\/\/www.avdel-vwsv.ch\/de\/","name":"Avdel - Association valaisanne des distributeurs d'\u00e9lectricit\u00e9","description":"","publisher":{"@id":"https:\/\/www.avdel-vwsv.ch\/de\/#organization"},"potentialAction":[{"@type":"SearchAction","target":{"@type":"EntryPoint","urlTemplate":"https:\/\/www.avdel-vwsv.ch\/de\/?s={search_term_string}"},"query-input":{"@type":"PropertyValueSpecification","valueRequired":true,"valueName":"search_term_string"}}],"inLanguage":"de"},{"@type":"Organization","@id":"https:\/\/www.avdel-vwsv.ch\/de\/#organization","name":"Association valaisanne des distributeurs d'\u00e9lectricit\u00e9","url":"https:\/\/www.avdel-vwsv.ch\/de\/","logo":{"@type":"ImageObject","inLanguage":"de","@id":"https:\/\/www.avdel-vwsv.ch\/de\/#\/schema\/logo\/image\/","url":"https:\/\/www.avdel-vwsv.ch\/wp-content\/uploads\/2023\/04\/AVDEL-logo-_couleur.svg","contentUrl":"https:\/\/www.avdel-vwsv.ch\/wp-content\/uploads\/2023\/04\/AVDEL-logo-_couleur.svg","width":"2560","height":"1440","caption":"Association valaisanne des distributeurs d'\u00e9lectricit\u00e9"},"image":{"@id":"https:\/\/www.avdel-vwsv.ch\/de\/#\/schema\/logo\/image\/"}}]}},"_links":{"self":[{"href":"https:\/\/www.avdel-vwsv.ch\/de\/wp-json\/wp\/v2\/pages\/360","targetHints":{"allow":["GET"]}}],"collection":[{"href":"https:\/\/www.avdel-vwsv.ch\/de\/wp-json\/wp\/v2\/pages"}],"about":[{"href":"https:\/\/www.avdel-vwsv.ch\/de\/wp-json\/wp\/v2\/types\/page"}],"author":[{"embeddable":true,"href":"https:\/\/www.avdel-vwsv.ch\/de\/wp-json\/wp\/v2\/users\/1"}],"replies":[{"embeddable":true,"href":"https:\/\/www.avdel-vwsv.ch\/de\/wp-json\/wp\/v2\/comments?post=360"}],"version-history":[{"count":12,"href":"https:\/\/www.avdel-vwsv.ch\/de\/wp-json\/wp\/v2\/pages\/360\/revisions"}],"predecessor-version":[{"id":544,"href":"https:\/\/www.avdel-vwsv.ch\/de\/wp-json\/wp\/v2\/pages\/360\/revisions\/544"}],"wp:attachment":[{"href":"https:\/\/www.avdel-vwsv.ch\/de\/wp-json\/wp\/v2\/media?parent=360"}],"curies":[{"name":"wp","href":"https:\/\/api.w.org\/{rel}","templated":true}]}}